{"id":1216,"date":"2021-07-23T17:03:21","date_gmt":"2021-07-23T17:03:21","guid":{"rendered":"http:\/\/dummy.xtemos.com\/woodmart2\/?post_type=product&#038;p=1216"},"modified":"2026-02-13T14:35:14","modified_gmt":"2026-02-13T14:35:14","slug":"trainingsanzug-fur-grose-damen","status":"publish","type":"product","link":"https:\/\/peakout.shop\/de\/product\/tracksuit-voor-lange-dames\/","title":{"rendered":"Trainingsanzug f\u00fcr gro\u00dfe Damen"},"content":{"rendered":"<div class=\"wpb-content-wrapper\"><div class=\"vc_row wpb_row vc_row-fluid\"><div class=\"wpb_column vc_column_container vc_col-sm-12\"><div class=\"vc_column-inner\"><div class=\"wpb_wrapper\">\t\t<div id=\"wd-698d9fe7011aa\" class=\"wd-text-block wd-wpb reset-last-child wd-rs-698d9fe7011aa text-left\">\n\t\t\t<p>Der Rise-Trainingsanzug ist f\u00fcr Frauen mit einer l\u00e4ngeren Statur gedacht. Alles ist auf Komfort getrimmt: von verl\u00e4ngerten \u00c4rmeln und Hosenbeinen bis hin zur richtigen Passform, die sich sanft mit Ihnen bewegt. Ideal zum Joggen, Yoga oder einfach zum Entspannen zu Hause.<\/p>\n\t\t<\/div>\n\t\t<\/div><\/div><\/div><\/div>\n<\/div>","protected":false},"excerpt":{"rendered":"<p>Erh\u00e4ltlich in drei L\u00e4ngen mit normaler Passform.<\/p>\n<p>Der Rise Trainingsanzug ist speziell f\u00fcr gr\u00f6\u00dfere Damen. Die \u00c4rmel und Beine sind l\u00e4nger, damit alles bequem bleibt, beim Sport und im Alltag.<\/p>\n<p><strong>Wichtigste Vorteile<\/strong><\/p>\n<p>\u2714 Eine wirklich lange Passform, damit die \u00c4rmel und Beine nicht hochrutschen<br \/>\n\u2714 Viel Bewegungsfreiheit, sch\u00f6n zum Joggen, Yoga oder Entspannen zu Hause<br \/>\n\u2714 Weiches und dehnbares Material, das angenehm zu tragen ist<br \/>\n\u2714 Ein sportlicher Look, den Sie auch au\u00dferhalb Ihres Trainings tragen k\u00f6nnen<\/p>\n<p><strong>Erste Erfahrungen<\/strong><\/p>\n<p>\u201cEndlich \u00c4rmel, die nicht hochrutschen!\u201d - Elena, 1,87 m<br \/>\n\u201cNormalerweise ist alles zu kurz, dieses hier ist genau richtig.\u201d - Noor, 1,83 m<br \/>\n\u201cSuper bequem und sch\u00f6nes Material.\u201d - Mira, 1,90 m<\/p>","protected":false},"featured_media":10690,"comment_status":"open","ping_status":"closed","template":"","meta":[],"product_brand":[],"product_cat":[90],"product_tag":[],"class_list":{"0":"post-1216","1":"product","2":"type-product","3":"status-publish","4":"has-post-thumbnail","6":"product_cat-sportkleding","8":"first","9":"instock","10":"taxable","11":"shipping-taxable","12":"purchasable","13":"product-type-variable"},"yoast_head":"<!-- This site is optimized with the Yoast SEO plugin v26.7 - https:\/\/yoast.com\/wordpress\/plugins\/seo\/ -->\n<title>Tracksuit voor lange dames | Peakout<\/title>\n<meta name=\"description\" content=\"Sportkleding voor lange dames die perfect past? Ontdek de tracksuit voor lange mannen van Peakout. Stijlvol en eindelijk de juiste fit.\" \/>\n<meta name=\"robots\" content=\"index, follow, max-snippet:-1, max-image-preview:large, max-video-preview:-1\" \/>\n<link rel=\"canonical\" href=\"https:\/\/peakout.shop\/de\/product\/trainingsanzug-fur-grose-damen\/\" \/>\n<meta property=\"og:locale\" content=\"de_DE\" \/>\n<meta property=\"og:type\" content=\"article\" \/>\n<meta property=\"og:title\" content=\"Tracksuit voor lange dames | Peakout\" \/>\n<meta property=\"og:description\" content=\"Sportkleding voor lange dames die perfect past? Ontdek de tracksuit voor lange mannen van Peakout. Stijlvol en eindelijk de juiste fit.\" \/>\n<meta property=\"og:url\" content=\"https:\/\/peakout.shop\/de\/product\/trainingsanzug-fur-grose-damen\/\" \/>\n<meta property=\"og:site_name\" content=\"Peakout\" \/>\n<meta property=\"article:publisher\" content=\"https:\/\/www.facebook.com\/peakoutshop\" \/>\n<meta property=\"article:modified_time\" content=\"2026-02-13T14:35:14+00:00\" \/>\n<meta property=\"og:image\" content=\"https:\/\/peakout.shop\/wp-content\/uploads\/2025\/10\/Peakout-vrouw.jpg\" \/>\n\t<meta property=\"og:image:width\" content=\"700\" \/>\n\t<meta property=\"og:image:height\" content=\"800\" \/>\n\t<meta property=\"og:image:type\" content=\"image\/jpeg\" \/>\n<meta name=\"twitter:card\" content=\"summary_large_image\" \/>\n<meta name=\"twitter:label1\" content=\"Gesch\u00e4tzte Lesezeit\" \/>\n\t<meta name=\"twitter:data1\" content=\"1\u00a0Minute\" \/>\n<script type=\"application\/ld+json\" class=\"yoast-schema-graph\">{\"@context\":\"https:\/\/schema.org\",\"@graph\":[{\"@type\":\"WebPage\",\"@id\":\"https:\/\/peakout.shop\/product\/tracksuit-voor-lange-dames\/\",\"url\":\"https:\/\/peakout.shop\/product\/tracksuit-voor-lange-dames\/\",\"name\":\"Tracksuit voor lange dames | Peakout\",\"isPartOf\":{\"@id\":\"https:\/\/peakout.shop\/#website\"},\"primaryImageOfPage\":{\"@id\":\"https:\/\/peakout.shop\/product\/tracksuit-voor-lange-dames\/#primaryimage\"},\"image\":{\"@id\":\"https:\/\/peakout.shop\/product\/tracksuit-voor-lange-dames\/#primaryimage\"},\"thumbnailUrl\":\"https:\/\/peakout.shop\/wp-content\/uploads\/2025\/10\/Peakout-vrouw.jpg\",\"datePublished\":\"2021-07-23T17:03:21+00:00\",\"dateModified\":\"2026-02-13T14:35:14+00:00\",\"description\":\"Sportkleding voor lange dames die perfect past? Ontdek de tracksuit voor lange mannen van Peakout. Stijlvol en eindelijk de juiste fit.\",\"breadcrumb\":{\"@id\":\"https:\/\/peakout.shop\/product\/tracksuit-voor-lange-dames\/#breadcrumb\"},\"inLanguage\":\"de\",\"potentialAction\":[{\"@type\":\"ReadAction\",\"target\":[\"https:\/\/peakout.shop\/product\/tracksuit-voor-lange-dames\/\"]}]},{\"@type\":\"ImageObject\",\"inLanguage\":\"de\",\"@id\":\"https:\/\/peakout.shop\/product\/tracksuit-voor-lange-dames\/#primaryimage\",\"url\":\"https:\/\/peakout.shop\/wp-content\/uploads\/2025\/10\/Peakout-vrouw.jpg\",\"contentUrl\":\"https:\/\/peakout.shop\/wp-content\/uploads\/2025\/10\/Peakout-vrouw.jpg\",\"width\":700,\"height\":800,\"caption\":\"Trainingspak voor lange vrouwen\"},{\"@type\":\"BreadcrumbList\",\"@id\":\"https:\/\/peakout.shop\/product\/tracksuit-voor-lange-dames\/#breadcrumb\",\"itemListElement\":[{\"@type\":\"ListItem\",\"position\":1,\"name\":\"Home\",\"item\":\"https:\/\/peakout.shop\/\"},{\"@type\":\"ListItem\",\"position\":2,\"name\":\"Shop\",\"item\":\"https:\/\/peakout.shop\/shop\/\"},{\"@type\":\"ListItem\",\"position\":3,\"name\":\"Tracksuit voor lange dames\"}]},{\"@type\":\"WebSite\",\"@id\":\"https:\/\/peakout.shop\/#website\",\"url\":\"https:\/\/peakout.shop\/\",\"name\":\"Peakout\",\"description\":\"\",\"publisher\":{\"@id\":\"https:\/\/peakout.shop\/#organization\"},\"potentialAction\":[{\"@type\":\"SearchAction\",\"target\":{\"@type\":\"EntryPoint\",\"urlTemplate\":\"https:\/\/peakout.shop\/?s={search_term_string}\"},\"query-input\":{\"@type\":\"PropertyValueSpecification\",\"valueRequired\":true,\"valueName\":\"search_term_string\"}}],\"inLanguage\":\"de\"},{\"@type\":\"Organization\",\"@id\":\"https:\/\/peakout.shop\/#organization\",\"name\":\"Peakout\",\"url\":\"https:\/\/peakout.shop\/\",\"logo\":{\"@type\":\"ImageObject\",\"inLanguage\":\"de\",\"@id\":\"https:\/\/peakout.shop\/#\/schema\/logo\/image\/\",\"url\":\"https:\/\/peakout.shop\/wp-content\/uploads\/2025\/07\/logo.svg\",\"contentUrl\":\"https:\/\/peakout.shop\/wp-content\/uploads\/2025\/07\/logo.svg\",\"width\":900,\"height\":749,\"caption\":\"Peakout\"},\"image\":{\"@id\":\"https:\/\/peakout.shop\/#\/schema\/logo\/image\/\"},\"sameAs\":[\"https:\/\/www.facebook.com\/peakoutshop\",\"https:\/\/www.instagram.com\/challenge\/?next=httpswww.instagram.compeakout.shop__coig_challenged1\",\"https:\/\/www.tiktok.com\/@peakoutshop\"]}]}<\/script>\n<!-- \/ Yoast SEO plugin. -->","yoast_head_json":{"title":"Trainingsanzug f\u00fcr gro\u00dfe Damen | Peakout","description":"Sportbekleidung f\u00fcr gro\u00dfe Damen, die perfekt sitzt? Entdecken Sie den Trainingsanzug von Peakout f\u00fcr gro\u00dfe M\u00e4nner. Stylisch und endlich die richtige Passform.","robots":{"index":"index","follow":"follow","max-snippet":"max-snippet:-1","max-image-preview":"max-image-preview:large","max-video-preview":"max-video-preview:-1"},"canonical":"https:\/\/peakout.shop\/de\/product\/trainingsanzug-fur-grose-damen\/","og_locale":"de_DE","og_type":"article","og_title":"Tracksuit voor lange dames | Peakout","og_description":"Sportkleding voor lange dames die perfect past? Ontdek de tracksuit voor lange mannen van Peakout. Stijlvol en eindelijk de juiste fit.","og_url":"https:\/\/peakout.shop\/de\/product\/trainingsanzug-fur-grose-damen\/","og_site_name":"Peakout","article_publisher":"https:\/\/www.facebook.com\/peakoutshop","article_modified_time":"2026-02-13T14:35:14+00:00","og_image":[{"width":700,"height":800,"url":"https:\/\/peakout.shop\/wp-content\/uploads\/2025\/10\/Peakout-vrouw.jpg","type":"image\/jpeg"}],"twitter_card":"summary_large_image","twitter_misc":{"Gesch\u00e4tzte Lesezeit":"1\u00a0Minute"},"schema":{"@context":"https:\/\/schema.org","@graph":[{"@type":"WebPage","@id":"https:\/\/peakout.shop\/product\/tracksuit-voor-lange-dames\/","url":"https:\/\/peakout.shop\/product\/tracksuit-voor-lange-dames\/","name":"Trainingsanzug f\u00fcr gro\u00dfe Damen | Peakout","isPartOf":{"@id":"https:\/\/peakout.shop\/#website"},"primaryImageOfPage":{"@id":"https:\/\/peakout.shop\/product\/tracksuit-voor-lange-dames\/#primaryimage"},"image":{"@id":"https:\/\/peakout.shop\/product\/tracksuit-voor-lange-dames\/#primaryimage"},"thumbnailUrl":"https:\/\/peakout.shop\/wp-content\/uploads\/2025\/10\/Peakout-vrouw.jpg","datePublished":"2021-07-23T17:03:21+00:00","dateModified":"2026-02-13T14:35:14+00:00","description":"Sportbekleidung f\u00fcr gro\u00dfe Damen, die perfekt sitzt? Entdecken Sie den Trainingsanzug von Peakout f\u00fcr gro\u00dfe M\u00e4nner. Stylisch und endlich die richtige Passform.","breadcrumb":{"@id":"https:\/\/peakout.shop\/product\/tracksuit-voor-lange-dames\/#breadcrumb"},"inLanguage":"de","potentialAction":[{"@type":"ReadAction","target":["https:\/\/peakout.shop\/product\/tracksuit-voor-lange-dames\/"]}]},{"@type":"ImageObject","inLanguage":"de","@id":"https:\/\/peakout.shop\/product\/tracksuit-voor-lange-dames\/#primaryimage","url":"https:\/\/peakout.shop\/wp-content\/uploads\/2025\/10\/Peakout-vrouw.jpg","contentUrl":"https:\/\/peakout.shop\/wp-content\/uploads\/2025\/10\/Peakout-vrouw.jpg","width":700,"height":800,"caption":"Trainingspak voor lange vrouwen"},{"@type":"BreadcrumbList","@id":"https:\/\/peakout.shop\/product\/tracksuit-voor-lange-dames\/#breadcrumb","itemListElement":[{"@type":"ListItem","position":1,"name":"Home","item":"https:\/\/peakout.shop\/"},{"@type":"ListItem","position":2,"name":"Shop","item":"https:\/\/peakout.shop\/shop\/"},{"@type":"ListItem","position":3,"name":"Tracksuit voor lange dames"}]},{"@type":"WebSite","@id":"https:\/\/peakout.shop\/#website","url":"https:\/\/peakout.shop\/","name":"Peakout","description":"","publisher":{"@id":"https:\/\/peakout.shop\/#organization"},"potentialAction":[{"@type":"SearchAction","target":{"@type":"EntryPoint","urlTemplate":"https:\/\/peakout.shop\/?s={search_term_string}"},"query-input":{"@type":"PropertyValueSpecification","valueRequired":true,"valueName":"search_term_string"}}],"inLanguage":"de"},{"@type":"Organization","@id":"https:\/\/peakout.shop\/#organization","name":"Peakout","url":"https:\/\/peakout.shop\/","logo":{"@type":"ImageObject","inLanguage":"de","@id":"https:\/\/peakout.shop\/#\/schema\/logo\/image\/","url":"https:\/\/peakout.shop\/wp-content\/uploads\/2025\/07\/logo.svg","contentUrl":"https:\/\/peakout.shop\/wp-content\/uploads\/2025\/07\/logo.svg","width":900,"height":749,"caption":"Peakout"},"image":{"@id":"https:\/\/peakout.shop\/#\/schema\/logo\/image\/"},"sameAs":["https:\/\/www.facebook.com\/peakoutshop","https:\/\/www.instagram.com\/challenge\/?next=httpswww.instagram.compeakout.shop__coig_challenged1","https:\/\/www.tiktok.com\/@peakoutshop"]}]}},"_links":{"self":[{"href":"https:\/\/peakout.shop\/de\/wp-json\/wp\/v2\/product\/1216","targetHints":{"allow":["GET"]}}],"collection":[{"href":"https:\/\/peakout.shop\/de\/wp-json\/wp\/v2\/product"}],"about":[{"href":"https:\/\/peakout.shop\/de\/wp-json\/wp\/v2\/types\/product"}],"replies":[{"embeddable":true,"href":"https:\/\/peakout.shop\/de\/wp-json\/wp\/v2\/comments?post=1216"}],"wp:featuredmedia":[{"embeddable":true,"href":"https:\/\/peakout.shop\/de\/wp-json\/wp\/v2\/media\/10690"}],"wp:attachment":[{"href":"https:\/\/peakout.shop\/de\/wp-json\/wp\/v2\/media?parent=1216"}],"wp:term":[{"taxonomy":"product_brand","embeddable":true,"href":"https:\/\/peakout.shop\/de\/wp-json\/wp\/v2\/product_brand?post=1216"},{"taxonomy":"product_cat","embeddable":true,"href":"https:\/\/peakout.shop\/de\/wp-json\/wp\/v2\/product_cat?post=1216"},{"taxonomy":"product_tag","embeddable":true,"href":"https:\/\/peakout.shop\/de\/wp-json\/wp\/v2\/product_tag?post=1216"}],"curies":[{"name":"wp","href":"https:\/\/api.w.org\/{rel}","templated":true}]}}