{"id":5288,"date":"2021-08-25T09:00:10","date_gmt":"2021-08-25T09:00:10","guid":{"rendered":"http:\/\/dummy.xtemos.com\/woodmart2\/?page_id=5288"},"modified":"2026-01-08T08:20:17","modified_gmt":"2026-01-08T08:20:17","slug":"kontakt","status":"publish","type":"page","link":"https:\/\/peakout.shop\/de\/contact\/","title":{"rendered":"Kontakt"},"content":{"rendered":"<div class=\"wpb-content-wrapper\"><div class=\"vc_row wpb_row vc_row-fluid vc_custom_1752751905994 wd-rs-6878df1396d5c\"><div class=\"wpb_column vc_column_container vc_col-sm-12 vc_col-has-fill color-scheme-light wd-bg-center-center wd-rs-687d09e6bfbdc\"><div class=\"vc_column-inner vc_custom_1753025007739\"><div class=\"wpb_wrapper\"><\/div><\/div><\/div><\/div><div class=\"vc_row wpb_row vc_row-fluid vc_custom_1496926452255 vc_row-o-equal-height vc_row-flex\"><div class=\"wpb_column vc_column_container vc_col-sm-12 vc_col-lg-6 vc_col-md-6\"><div class=\"vc_column-inner vc_custom_1496927688909\"><div class=\"wpb_wrapper\">\n\t\t<div id=\"wd-687d01b13c6bf\" class=\"title-wrapper wd-wpb wd-set-mb reset-last-child  wd-rs-687d01b13c6bf wd-title-color-default wd-title-style-default text-left  wd-underline-colored\">\n\t\t\t\t\t\t\t\n\t\t\t\t<div class=\"title-subtitle  subtitle-color-default font-default subtitle-style-default wd-font-weight- wd-fontsize-xs\">QUESTIONS?<\/div>\n\t\t\t\n\t\t\t<div class=\"liner-continer\">\n\t\t\t\t<h4 class=\"woodmart-title-container title  wd-font-weight- wd-fontsize-l\" >SIE K\u00d6NNEN SICH GERNE MELDEN<\/h4>\n\t\t\t\t\t\t\t<\/div>\n\t\t\t\n\t\t\t\t\t\t\t<div class=\"title-after_title reset-last-child  wd-fontsize-xs\">Haben Sie Fragen, Zweifel oder m\u00f6chten Sie einfach nur Ihre Frustration mitteilen? Schicken Sie uns eine Nachricht.<\/div>\n\t\t\t\n\t\t\t\n\t\t<\/div>\n\t\t\n\t\t\t\t\t\t\t<div class=\"wd-cf7 wd-wpb wd-rs-68766153de8b3 vc_custom_1752588632253\">\n\t\t\t\t\n<div class=\"wpcf7 no-js\" id=\"wpcf7-f12-o1\" lang=\"nl-NL\" dir=\"ltr\" data-wpcf7-id=\"12\">\n<div class=\"screen-reader-response\"><p role=\"status\" aria-live=\"polite\" aria-atomic=\"true\"><\/p> <ul><\/ul><\/div>\n<form action=\"\/de\/wp-json\/wp\/v2\/pages\/5288#wpcf7-f12-o1\" method=\"post\" class=\"wpcf7-form init\" aria-label=\"Contactformulier\" novalidate=\"novalidate\" data-status=\"init\" data-trp-original-action=\"\/de\/wp-json\/wp\/v2\/pages\/5288#wpcf7-f12-o1\">\n<fieldset class=\"hidden-fields-container\"><input type=\"hidden\" name=\"_wpcf7\" value=\"12\" \/><input type=\"hidden\" name=\"_wpcf7_version\" value=\"6.1.5\" \/><input type=\"hidden\" name=\"_wpcf7_locale\" value=\"nl_NL\" \/><input type=\"hidden\" name=\"_wpcf7_unit_tag\" value=\"wpcf7-f12-o1\" \/><input type=\"hidden\" name=\"_wpcf7_container_post\" value=\"0\" \/><input type=\"hidden\" name=\"_wpcf7_posted_data_hash\" value=\"\" \/>\n<\/fieldset>\n<p><label><br \/>\n<span class=\"wpcf7-form-control-wrap\" data-name=\"your-name\"><input size=\"40\" maxlength=\"400\" class=\"wpcf7-form-control wpcf7-text wpcf7-validates-as-required\" aria-required=\"true\" aria-invalid=\"false\" placeholder=\"Ihr Name\" value=\"\" type=\"text\" name=\"your-name\" \/><\/span> <\/label>\n<\/p>\n<p><label><br \/>\n<span class=\"wpcf7-form-control-wrap\" data-name=\"your-email\"><input size=\"40\" maxlength=\"400\" class=\"wpcf7-form-control wpcf7-email wpcf7-validates-as-required wpcf7-text wpcf7-validates-as-email\" aria-required=\"true\" aria-invalid=\"false\" placeholder=\"Ihre E-Mail Adresse\" value=\"\" type=\"email\" name=\"your-email\" \/><\/span> <\/label>\n<\/p>\n<p><label><br \/>\n<span class=\"wpcf7-form-control-wrap\" data-name=\"your-phone\"><input size=\"40\" maxlength=\"400\" class=\"wpcf7-form-control wpcf7-text wpcf7-validates-as-required\" aria-required=\"true\" aria-invalid=\"false\" placeholder=\"Ihre Telefonnummer\" value=\"\" type=\"text\" name=\"your-phone\" \/><\/span><\/label>\n<\/p>\n<p><label> Ihre Nachricht (optional)<br \/>\n<span class=\"wpcf7-form-control-wrap\" data-name=\"your-message\"><textarea cols=\"40\" rows=\"10\" maxlength=\"2000\" class=\"wpcf7-form-control wpcf7-textarea\" aria-invalid=\"false\" name=\"your-message\"><\/textarea><\/span> <\/label>\n<\/p>\n<p><input class=\"wpcf7-form-control wpcf7-submit has-spinner\" type=\"submit\" value=\"Versand\" \/>\n<\/p><div class=\"wpcf7-response-output\" aria-hidden=\"true\"><\/div>\n<input type=\"hidden\" name=\"trp-form-language\" value=\"de\"\/><\/form>\n<\/div>\n\t\t\t<\/div>\n\t\t\t\t<\/div><\/div><\/div><div class=\"wpb_column vc_column_container vc_col-sm-12 vc_col-lg-6 vc_col-md-6 vc_col-has-fill\"><div class=\"vc_column-inner vc_custom_1496927710186\"><div class=\"wpb_wrapper\">\n\t\t<div id=\"wd-6878c3dfc1af5\" class=\"title-wrapper wd-wpb wd-set-mb reset-last-child  wd-rs-6878c3dfc1af5 wd-title-color-default wd-title-style-default text-left  wd-underline-colored\">\n\t\t\t\n\t\t\t<div class=\"liner-continer\">\n\t\t\t\t<h4 class=\"woodmart-title-container title  wd-font-weight- wd-fontsize-l\" >H\u00c4UFIG GESTELLTE FRAGEN<\/h4>\n\t\t\t\t\t\t\t<\/div>\n\t\t\t\n\t\t\t\n\t\t\t\n\t\t<\/div>\n\t\t\n\t\t\n\t\t<div id=\"wd-61825698b13f0\" class=\"wd-accordion wd-wpb wd-rs-61825698b13f0  wd-style-default wd-titles-left wd-opener-pos-right wd-opener-style-arrow\" data-state=\"first\">\n\t\t\t\t\t\t\t\n\t\t\t\t\n\t\t\t\t<div class=\"wd-accordion-item\">\n\t\t\t\t\t<div class=\"wd-accordion-title wd-role-btn wd-active font-text wd-fontsize-s wd-font-weight-600\" data-accordion-index=\"0\" tabindex=\"0\">\n\t\t\t\t\t\t<div class=\"wd-accordion-title-text\">\n\t\t\t\t\t\t\t\t\t\t\t\t\t\t<span>\n\t\t\t\t\t\t\t\tWodurch unterscheidet sich Peakout von anderen Marken?\t\t\t\t\t\t\t<\/span>\n\t\t\t\t\t\t<\/div>\n\t\t\t\t\t\t<span class=\"wd-accordion-opener\"><\/span>\n\t\t\t\t\t<\/div>\n\n\t\t\t\t\t<div class=\"wd-accordion-content wd-entry-content wd-active\" data-accordion-index=\"0\">\n\t\t\t\t\t\t\t\t\t\t\t\t\t<p>Wir entwerfen von Grund auf f\u00fcr gro\u00dfe Menschen - keine erweiterten Standardgr\u00f6\u00dfen, sondern Passformen, die Sinn machen.<\/p>\n<ul>\n<li>Gro\u00dfe Gr\u00f6\u00dfen sind die Norm, nicht ein nachtr\u00e4glicher Einfall<\/li>\n<li>Hochwertige Stoffe, die sich mit Ihrem K\u00f6rper bewegen<\/li>\n<li>Clevere Details an genau den richtigen Stellen<\/li>\n<li>Zeitloses Design, das zu Ihrem Stil und Ihrer K\u00f6rpergr\u00f6\u00dfe passt<\/li>\n<\/ul>\n<p>Wir verstehen Sie. Denn wir sind selbst gro\u00df. Und wir hatten die Nase voll.<\/p>\n\t\t\t\t\t\t\t\t\t\t\t<\/div>\n\t\t\t\t<\/div>\n\t\t\t\t\t\t\t\n\t\t\t\t\n\t\t\t\t<div class=\"wd-accordion-item\">\n\t\t\t\t\t<div class=\"wd-accordion-title wd-role-btn font-text wd-fontsize-s wd-font-weight-600\" data-accordion-index=\"1\" tabindex=\"0\">\n\t\t\t\t\t\t<div class=\"wd-accordion-title-text\">\n\t\t\t\t\t\t\t\t\t\t\t\t\t\t<span>\n\t\t\t\t\t\t\t\tWas ist die Aufgabe von Peakout?\t\t\t\t\t\t\t<\/span>\n\t\t\t\t\t\t<\/div>\n\t\t\t\t\t\t<span class=\"wd-accordion-opener\"><\/span>\n\t\t\t\t\t<\/div>\n\n\t\t\t\t\t<div class=\"wd-accordion-content wd-entry-content\" data-accordion-index=\"1\">\n\t\t\t\t\t\t\t\t\t\t\t\t\t<p>Die Mission von Peakout ist klar: Niemand muss sich mehr an Kleidung anpassen, die nicht f\u00fcr ihn bestimmt ist. Mit Peakout zeigen wir, dass Sportbekleidung auch f\u00fcr gro\u00dfe Menschen stilvoll, bequem und korrekt sein kann. Ohne Zugest\u00e4ndnisse. Ohne das Gef\u00fchl, nicht hineinzupassen.<\/p>\n\t\t\t\t\t\t\t\t\t\t\t<\/div>\n\t\t\t\t<\/div>\n\t\t\t\t\t\t\t\n\t\t\t\t\n\t\t\t\t<div class=\"wd-accordion-item\">\n\t\t\t\t\t<div class=\"wd-accordion-title wd-role-btn font-text wd-fontsize-s wd-font-weight-600\" data-accordion-index=\"2\" tabindex=\"0\">\n\t\t\t\t\t\t<div class=\"wd-accordion-title-text\">\n\t\t\t\t\t\t\t\t\t\t\t\t\t\t<span>\n\t\t\t\t\t\t\t\tF\u00fcr wen ist Peakout gedacht?\t\t\t\t\t\t\t<\/span>\n\t\t\t\t\t\t<\/div>\n\t\t\t\t\t\t<span class=\"wd-accordion-opener\"><\/span>\n\t\t\t\t\t<\/div>\n\n\t\t\t\t\t<div class=\"wd-accordion-content wd-entry-content\" data-accordion-index=\"2\">\n\t\t\t\t\t\t\t\t\t\t\t\t\t<p>F\u00fcr gro\u00dfe M\u00e4nner und Frauen, die keine Lust mehr auf Sportkleidung haben, die nie richtig passt.<\/p>\n\t\t\t\t\t\t\t\t\t\t\t<\/div>\n\t\t\t\t<\/div>\n\t\t\t\t\t\t\t\n\t\t\t\t\n\t\t\t\t<div class=\"wd-accordion-item\">\n\t\t\t\t\t<div class=\"wd-accordion-title wd-role-btn font-text wd-fontsize-s wd-font-weight-600\" data-accordion-index=\"3\" tabindex=\"0\">\n\t\t\t\t\t\t<div class=\"wd-accordion-title-text\">\n\t\t\t\t\t\t\t\t\t\t\t\t\t\t<span>\n\t\t\t\t\t\t\t\tIst Peakout auch nachhaltig?\t\t\t\t\t\t\t<\/span>\n\t\t\t\t\t\t<\/div>\n\t\t\t\t\t\t<span class=\"wd-accordion-opener\"><\/span>\n\t\t\t\t\t<\/div>\n\n\t\t\t\t\t<div class=\"wd-accordion-content wd-entry-content\" data-accordion-index=\"3\">\n\t\t\t\t\t\t\t\t\t\t\t\t\t<p>Ja. Wir w\u00e4hlen hochwertige, strapazierf\u00e4hige Stoffe, die lange halten und ihre Form behalten - auch nach intensivem Gebrauch.<\/p>\n\t\t\t\t\t\t\t\t\t\t\t<\/div>\n\t\t\t\t<\/div>\n\t\t\t\t\t\t\t\n\t\t\t\t\n\t\t\t\t<div class=\"wd-accordion-item\">\n\t\t\t\t\t<div class=\"wd-accordion-title wd-role-btn font-text wd-fontsize-s wd-font-weight-600\" data-accordion-index=\"4\" tabindex=\"0\">\n\t\t\t\t\t\t<div class=\"wd-accordion-title-text\">\n\t\t\t\t\t\t\t\t\t\t\t\t\t\t<span>\n\t\t\t\t\t\t\t\tWann kann ich bestellen?\t\t\t\t\t\t\t<\/span>\n\t\t\t\t\t\t<\/div>\n\t\t\t\t\t\t<span class=\"wd-accordion-opener\"><\/span>\n\t\t\t\t\t<\/div>\n\n\t\t\t\t\t<div class=\"wd-accordion-content wd-entry-content\" data-accordion-index=\"4\">\n\t\t\t\t\t\t\t\t\t\t\t\t\t<p>Wir gehen bald an den Start! Tragen Sie sich in die Liste f\u00fcr den fr\u00fchzeitigen Zugang ein und seien Sie der Erste, der kommt.<\/p>\n\t\t\t\t\t\t\t\t\t\t\t<\/div>\n\t\t\t\t<\/div>\n\t\t\t\t\t\t\t\t\t\t\t\t\t\t<\/div>\n\n\t\t<\/div><\/div><\/div><\/div>\n<\/div>","protected":false},"excerpt":{"rendered":"VRAGEN? NEEM GERUST CONTACT OP Heb je vragen, twijfels of wil je gewoon even je frustratie delen? Stuur ons een","protected":false},"author":1,"featured_media":0,"parent":0,"menu_order":0,"comment_status":"closed","ping_status":"closed","template":"","meta":{"footnotes":""},"class_list":["post-5288","page","type-page","status-publish","hentry"],"yoast_head":"<!-- This site is optimized with the Yoast SEO plugin v26.7 - https:\/\/yoast.com\/wordpress\/plugins\/seo\/ -->\n<title>Kom in contact met Peakout<\/title>\n<meta name=\"description\" content=\"Heb je vragen, twijfels of wil je gewoon even je frustratie delen? Stuur ons een berichtje. Wij nemen zo spoedig mogelijk contact met je op.\" \/>\n<meta name=\"robots\" content=\"index, follow, max-snippet:-1, max-image-preview:large, max-video-preview:-1\" \/>\n<link rel=\"canonical\" href=\"https:\/\/peakout.shop\/de\/kontakt\/\" \/>\n<meta property=\"og:locale\" content=\"de_DE\" \/>\n<meta property=\"og:type\" content=\"article\" \/>\n<meta property=\"og:title\" content=\"Kom in contact met Peakout\" \/>\n<meta property=\"og:description\" content=\"Heb je vragen, twijfels of wil je gewoon even je frustratie delen? Stuur ons een berichtje. Wij nemen zo spoedig mogelijk contact met je op.\" \/>\n<meta property=\"og:url\" content=\"https:\/\/peakout.shop\/de\/kontakt\/\" \/>\n<meta property=\"og:site_name\" content=\"Peakout\" \/>\n<meta property=\"article:publisher\" content=\"https:\/\/www.facebook.com\/peakoutshop\" \/>\n<meta property=\"article:modified_time\" content=\"2026-01-08T08:20:17+00:00\" \/>\n<meta name=\"twitter:card\" content=\"summary_large_image\" \/>\n<meta name=\"twitter:label1\" content=\"Gesch\u00e4tzte Lesezeit\" \/>\n\t<meta name=\"twitter:data1\" content=\"2\u00a0Minuten\" \/>\n<script type=\"application\/ld+json\" class=\"yoast-schema-graph\">{\"@context\":\"https:\/\/schema.org\",\"@graph\":[{\"@type\":\"WebPage\",\"@id\":\"https:\/\/peakout.shop\/contact\/\",\"url\":\"https:\/\/peakout.shop\/contact\/\",\"name\":\"Kom in contact met Peakout\",\"isPartOf\":{\"@id\":\"https:\/\/peakout.shop\/#website\"},\"datePublished\":\"2021-08-25T09:00:10+00:00\",\"dateModified\":\"2026-01-08T08:20:17+00:00\",\"description\":\"Heb je vragen, twijfels of wil je gewoon even je frustratie delen? Stuur ons een berichtje. Wij nemen zo spoedig mogelijk contact met je op.\",\"breadcrumb\":{\"@id\":\"https:\/\/peakout.shop\/contact\/#breadcrumb\"},\"inLanguage\":\"de\",\"potentialAction\":[{\"@type\":\"ReadAction\",\"target\":[\"https:\/\/peakout.shop\/contact\/\"]}]},{\"@type\":\"BreadcrumbList\",\"@id\":\"https:\/\/peakout.shop\/contact\/#breadcrumb\",\"itemListElement\":[{\"@type\":\"ListItem\",\"position\":1,\"name\":\"Home\",\"item\":\"https:\/\/peakout.shop\/\"},{\"@type\":\"ListItem\",\"position\":2,\"name\":\"Contact\"}]},{\"@type\":\"WebSite\",\"@id\":\"https:\/\/peakout.shop\/#website\",\"url\":\"https:\/\/peakout.shop\/\",\"name\":\"Peakout\",\"description\":\"\",\"publisher\":{\"@id\":\"https:\/\/peakout.shop\/#organization\"},\"potentialAction\":[{\"@type\":\"SearchAction\",\"target\":{\"@type\":\"EntryPoint\",\"urlTemplate\":\"https:\/\/peakout.shop\/?s={search_term_string}\"},\"query-input\":{\"@type\":\"PropertyValueSpecification\",\"valueRequired\":true,\"valueName\":\"search_term_string\"}}],\"inLanguage\":\"de\"},{\"@type\":\"Organization\",\"@id\":\"https:\/\/peakout.shop\/#organization\",\"name\":\"Peakout\",\"url\":\"https:\/\/peakout.shop\/\",\"logo\":{\"@type\":\"ImageObject\",\"inLanguage\":\"de\",\"@id\":\"https:\/\/peakout.shop\/#\/schema\/logo\/image\/\",\"url\":\"https:\/\/peakout.shop\/wp-content\/uploads\/2025\/07\/logo.svg\",\"contentUrl\":\"https:\/\/peakout.shop\/wp-content\/uploads\/2025\/07\/logo.svg\",\"width\":900,\"height\":749,\"caption\":\"Peakout\"},\"image\":{\"@id\":\"https:\/\/peakout.shop\/#\/schema\/logo\/image\/\"},\"sameAs\":[\"https:\/\/www.facebook.com\/peakoutshop\",\"https:\/\/www.instagram.com\/challenge\/?next=httpswww.instagram.compeakout.shop__coig_challenged1\",\"https:\/\/www.tiktok.com\/@peakoutshop\"]}]}<\/script>\n<!-- \/ Yoast SEO plugin. -->","yoast_head_json":{"title":"Nehmen Sie Kontakt mit Peakout auf","description":"Haben Sie Fragen, Zweifel oder m\u00f6chten Sie einfach nur Ihre Frustration mitteilen? Schicken Sie uns eine Nachricht. Wir werden uns so schnell wie m\u00f6glich bei Ihnen melden.","robots":{"index":"index","follow":"follow","max-snippet":"max-snippet:-1","max-image-preview":"max-image-preview:large","max-video-preview":"max-video-preview:-1"},"canonical":"https:\/\/peakout.shop\/de\/kontakt\/","og_locale":"de_DE","og_type":"article","og_title":"Kom in contact met Peakout","og_description":"Heb je vragen, twijfels of wil je gewoon even je frustratie delen? Stuur ons een berichtje. Wij nemen zo spoedig mogelijk contact met je op.","og_url":"https:\/\/peakout.shop\/de\/kontakt\/","og_site_name":"Peakout","article_publisher":"https:\/\/www.facebook.com\/peakoutshop","article_modified_time":"2026-01-08T08:20:17+00:00","twitter_card":"summary_large_image","twitter_misc":{"Gesch\u00e4tzte Lesezeit":"2\u00a0Minuten"},"schema":{"@context":"https:\/\/schema.org","@graph":[{"@type":"WebPage","@id":"https:\/\/peakout.shop\/contact\/","url":"https:\/\/peakout.shop\/contact\/","name":"Nehmen Sie Kontakt mit Peakout auf","isPartOf":{"@id":"https:\/\/peakout.shop\/#website"},"datePublished":"2021-08-25T09:00:10+00:00","dateModified":"2026-01-08T08:20:17+00:00","description":"Haben Sie Fragen, Zweifel oder m\u00f6chten Sie einfach nur Ihre Frustration mitteilen? Schicken Sie uns eine Nachricht. Wir werden uns so schnell wie m\u00f6glich bei Ihnen melden.","breadcrumb":{"@id":"https:\/\/peakout.shop\/contact\/#breadcrumb"},"inLanguage":"de","potentialAction":[{"@type":"ReadAction","target":["https:\/\/peakout.shop\/contact\/"]}]},{"@type":"BreadcrumbList","@id":"https:\/\/peakout.shop\/contact\/#breadcrumb","itemListElement":[{"@type":"ListItem","position":1,"name":"Home","item":"https:\/\/peakout.shop\/"},{"@type":"ListItem","position":2,"name":"Contact"}]},{"@type":"WebSite","@id":"https:\/\/peakout.shop\/#website","url":"https:\/\/peakout.shop\/","name":"Peakout","description":"","publisher":{"@id":"https:\/\/peakout.shop\/#organization"},"potentialAction":[{"@type":"SearchAction","target":{"@type":"EntryPoint","urlTemplate":"https:\/\/peakout.shop\/?s={search_term_string}"},"query-input":{"@type":"PropertyValueSpecification","valueRequired":true,"valueName":"search_term_string"}}],"inLanguage":"de"},{"@type":"Organization","@id":"https:\/\/peakout.shop\/#organization","name":"Peakout","url":"https:\/\/peakout.shop\/","logo":{"@type":"ImageObject","inLanguage":"de","@id":"https:\/\/peakout.shop\/#\/schema\/logo\/image\/","url":"https:\/\/peakout.shop\/wp-content\/uploads\/2025\/07\/logo.svg","contentUrl":"https:\/\/peakout.shop\/wp-content\/uploads\/2025\/07\/logo.svg","width":900,"height":749,"caption":"Peakout"},"image":{"@id":"https:\/\/peakout.shop\/#\/schema\/logo\/image\/"},"sameAs":["https:\/\/www.facebook.com\/peakoutshop","https:\/\/www.instagram.com\/challenge\/?next=httpswww.instagram.compeakout.shop__coig_challenged1","https:\/\/www.tiktok.com\/@peakoutshop"]}]}},"_links":{"self":[{"href":"https:\/\/peakout.shop\/de\/wp-json\/wp\/v2\/pages\/5288","targetHints":{"allow":["GET"]}}],"collection":[{"href":"https:\/\/peakout.shop\/de\/wp-json\/wp\/v2\/pages"}],"about":[{"href":"https:\/\/peakout.shop\/de\/wp-json\/wp\/v2\/types\/page"}],"author":[{"embeddable":true,"href":"https:\/\/peakout.shop\/de\/wp-json\/wp\/v2\/users\/1"}],"replies":[{"embeddable":true,"href":"https:\/\/peakout.shop\/de\/wp-json\/wp\/v2\/comments?post=5288"}],"version-history":[{"count":39,"href":"https:\/\/peakout.shop\/de\/wp-json\/wp\/v2\/pages\/5288\/revisions"}],"predecessor-version":[{"id":10903,"href":"https:\/\/peakout.shop\/de\/wp-json\/wp\/v2\/pages\/5288\/revisions\/10903"}],"wp:attachment":[{"href":"https:\/\/peakout.shop\/de\/wp-json\/wp\/v2\/media?parent=5288"}],"curies":[{"name":"wp","href":"https:\/\/api.w.org\/{rel}","templated":true}]}}