{"id":5212,"date":"2021-08-25T07:26:28","date_gmt":"2021-08-25T07:26:28","guid":{"rendered":"http:\/\/dummy.xtemos.com\/woodmart2\/?page_id=5212"},"modified":"2026-01-08T08:22:12","modified_gmt":"2026-01-08T08:22:12","slug":"uber-peakout","status":"publish","type":"page","link":"https:\/\/peakout.shop\/de\/over-peakout\/","title":{"rendered":"\u00dcber peakout"},"content":{"rendered":"<div class=\"wpb-content-wrapper\"><div style=\"min-height: 300px\" class=\"vc_row wpb_row vc_row-fluid vc_custom_1767803447026 vc_row-has-fill wd-bg-center-bottom wd-rs-695e8a22d9f97\"><div class=\"wpb_column vc_column_container vc_col-sm-12 vc_col-has-fill wd-rs-6878d39f13f8d\"><div class=\"vc_column-inner vc_custom_1752748965391\"><div class=\"wpb_wrapper\"><div class=\"vc_empty_space hidden-md hidden-sm hidden-xs\"   style=\"height: 300px\"><span class=\"vc_empty_space_inner\"><\/span><\/div>\n\t\t<div id=\"wd-68ffceafa3873\" class=\"title-wrapper wd-wpb wd-set-mb reset-last-child  wd-rs-68ffceafa3873 wd-title-color-white wd-title-style-default text-left vc_custom_1761595064877 wd-underline-colored\">\n\t\t\t\t\t\t\t\n\t\t\t\t<div class=\"title-subtitle  subtitle-color-white font-default subtitle-style-default wd-font-weight-500 wd-fontsize-xs\">ATHLEISURE NACH MASS<\/div>\n\t\t\t\n\t\t\t<div class=\"liner-continer\">\n\t\t\t\t<h1 class=\"woodmart-title-container title  wd-font-weight- wd-fontsize-xxl\" >\u00dcber Peakout.<\/h1>\n\t\t\t\t\t\t\t<\/div>\n\t\t\t\n\t\t\t\n\t\t\t\n\t\t<\/div>\n\t\t\n\t\t<\/div><\/div><\/div><\/div><div class=\"vc_row wpb_row vc_row-fluid vc_custom_1752750057250 row-reverse-mobile row-reverse-tablet wd-rs-6878d7e0eb9c7\"><div class=\"wpb_column vc_column_container vc_col-sm-12 vc_col-lg-6 vc_col-md-6 wd-rs-6125f30edad72\"><div class=\"vc_column-inner vc_custom_1629877010833\"><div class=\"wpb_wrapper\">\n\t<div class=\"wpb_video_widget wpb_content_element vc_clearfix vc_video-aspect-ratio-169 vc_video-el-width-100 vc_video-align-left wd-rs-695e83f4a2864\" >\n\t\t<div class=\"wpb_wrapper\">\n\t\t\t\n\t\t\t<div class=\"wpb_video_wrapper\"><iframe loading=\"lazy\" title=\"Entworfen f\u00fcr Gro\u00dfe. Done right | Peakout - Sportbekleidung f\u00fcr gro\u00dfe Menschen\" src=\"https:\/\/player.vimeo.com\/video\/1152263086?dnt=1&amp;app_id=122963\" width=\"500\" height=\"281\" frameborder=\"0\" allow=\"autoplay; fullscreen; picture-in-picture; clipboard-write; encrypted-media; web-share\" referrerpolicy=\"strict-origin-when-cross-origin\"><\/iframe><\/div>\n\t\t<\/div>\n\t<\/div>\n<\/div><\/div><\/div><div class=\"wpb_column vc_column_container vc_col-sm-12 vc_col-lg-offset-1 vc_col-lg-5 vc_col-md-6 vc_col-xs-12 wd-rs-6125f320eb687\"><div class=\"vc_column-inner vc_custom_1629877027060\"><div class=\"wpb_wrapper\">\n\t\t<div id=\"wd-687a25bc546ef\" class=\"title-wrapper wd-wpb wd-set-mb reset-last-child  wd-rs-687a25bc546ef wd-title-color-primary wd-title-style-default text-left vc_custom_1752835557805 wd-width-enabled wd-underline-colored\" style=\"--wd-max-width: 90%;\">\n\t\t\t\t\t\t\t\n\t\t\t\t<div class=\"title-subtitle  subtitle-color-primary font-default subtitle-style-default wd-font-weight-600 wd-fontsize-xs\">DAHER PEAKOUT<\/div>\n\t\t\t\n\t\t\t<div class=\"liner-continer\">\n\t\t\t\t<h4 class=\"woodmart-title-container title  wd-font-weight- wd-fontsize-xxl\" >Aktivbekleidung, die Ihre Gr\u00f6\u00dfe, Ihren Stil und Ihren Komfort ernst nimmt<\/h4>\n\t\t\t\t\t\t\t<\/div>\n\t\t\t\n\t\t\t\n\t\t\t\n\t\t<\/div>\n\t\t\n\t\t<div class=\"vc_separator wpb_content_element vc_separator_align_center vc_sep_width_100 vc_sep_pos_align_center vc_separator_no_text vc_sep_color_white\" ><span class=\"vc_sep_holder vc_sep_holder_l\"><span class=\"vc_sep_line\"><\/span><\/span><span class=\"vc_sep_holder vc_sep_holder_r\"><span class=\"vc_sep_line\"><\/span><\/span>\n<\/div>\t\t\t<div class=\"info-box-wrapper\">\n\t\t\t\t<div id=\"wd-6878cc6778ab8\" class=\"wd-rs-6878cc6778ab8 wd-info-box wd-wpb text-left box-icon-align-left box-style- color-scheme- wd-bg-none wd-items-top vc_custom_1752747119094\">\n\t\t\t\t\t\t\t\t\t\t<div class=\"info-box-content\">\n\t\t\t\t\t\t\t\t\t\t\t\t<div class=\"info-box-inner reset-last-child\"><p>Sie kennen das. Du ziehst eine Sporthose an und sie endet auf halber H\u00f6he deines Kn\u00f6chels. Du bewegst dich und dein Hemd rutscht hoch, als ob es ein Crop-Top sein wollte. \u00c4rmel, die an den Unterarmen kleben. Kleidung, bei der man sich entscheiden muss: Stil, Komfort oder Passform, aber nie alle drei. Sportkleidung, die f\u00fcr jeden gemacht zu sein scheint. Au\u00dfer f\u00fcr Sie.<\/p>\n<\/div>\n\n\t\t\t\t\t\t\t\t\t\t\t<\/div>\n\n\t\t\t\t\t\t\t\t\t\t\t<a class=\"wd-info-box-link wd-fill\" aria-label=\"Infobox-Link\" href=\"#\" title=\"\"><\/a>\n\t\t\t\t\t\n\t\t\t\t\t\t\t\t\t<\/div>\n\t\t\t<\/div>\n\t\t<div class=\"vc_separator wpb_content_element vc_separator_align_center vc_sep_width_100 vc_sep_pos_align_center vc_separator_no_text vc_sep_color_white\" ><span class=\"vc_sep_holder vc_sep_holder_l\"><span class=\"vc_sep_line\"><\/span><\/span><span class=\"vc_sep_holder vc_sep_holder_r\"><span class=\"vc_sep_line\"><\/span><\/span>\n<\/div>\t\t\t<div class=\"info-box-wrapper\">\n\t\t\t\t<div id=\"wd-687663b7f2e95\" class=\"wd-rs-687663b7f2e95 wd-info-box wd-wpb text-left box-icon-align-left box-style- color-scheme- wd-bg-none wd-items-top vc_custom_1752589246005\">\n\t\t\t\t\t\t\t\t\t\t<div class=\"info-box-content\">\n\t\t\t\t\t\t<h4 class=\"info-box-title title box-title-style-default wd-fontsize-m\">Deshalb gibt es Peakout.<\/h4>\t\t\t\t\t\t<div class=\"info-box-inner reset-last-child\"><p>Eine Marke, die aus Frustration und dem Wunsch entstanden ist, Dinge anders zu machen. Die Gr\u00fcnderin Nadine wei\u00df, wie es sich anf\u00fchlt, immer wieder auf das gleiche Problem zu sto\u00dfen. Der Ausl\u00f6ser? Ein Einkaufstag in Den Haag mit ihrem zwei Meter gro\u00dfen Ehemann. Wieder keine Hose gefunden. Und schon muss sie Zugest\u00e4ndnisse machen. \u201cWarum gibt es immer noch nichts f\u00fcr Leute wie uns?\u201d, dachte sie.<\/p>\n<\/div>\n\n\t\t\t\t\t\t\t\t\t\t\t<\/div>\n\n\t\t\t\t\t\t\t\t\t\t\t<a class=\"wd-info-box-link wd-fill\" aria-label=\"Infobox-Link\" href=\"#\" title=\"\"><\/a>\n\t\t\t\t\t\n\t\t\t\t\t\t\t\t\t<\/div>\n\t\t\t<\/div>\n\t\t<\/div><\/div><\/div><\/div><div class=\"vc_row wpb_row vc_row-fluid vc_custom_1629877038080 row-reverse-mobile row-reverse-tablet wd-rs-6125f32826e3d\"><div class=\"wpb_column vc_column_container vc_col-sm-12 vc_col-lg-6 vc_col-md-6 wd-rs-6125f30edad72\"><div class=\"vc_column-inner vc_custom_1629877010833\"><div class=\"wpb_wrapper\">\n\t\t<div id=\"wd-687663c74a074\" class=\"title-wrapper wd-wpb wd-set-mb reset-last-child  wd-rs-687663c74a074 wd-title-color-primary wd-title-style-default text-left vc_custom_1752589263730 wd-underline-colored\">\n\t\t\t\n\t\t\t<div class=\"liner-continer\">\n\t\t\t\t<h4 class=\"woodmart-title-container title  wd-font-weight- wd-fontsize-xxl\" >Und dieser Gedanke blieb haften.<\/h4>\n\t\t\t\t\t\t\t<\/div>\n\t\t\t\n\t\t\t\n\t\t\t\n\t\t<\/div>\n\t\t\n\t\t\t\t<div id=\"wd-687a2daa367fc\" class=\"wd-text-block wd-wpb reset-last-child wd-rs-687a2daa367fc text-left wd-width-enabled wd-fontsize-s vc_custom_1752837553533\" style=\"--wd-max-width: 90%;\">\n\t\t\t<p>Als Nadine begann, ihre Frustration mit anderen gro\u00dfen Menschen zu teilen, fielen die Pfennige in Windeseile. Jeder hat es erkannt. Nicht nur ein bisschen, sondern genau. Kleidung, die nicht passt, f\u00fchlt sich an, als sei sie nicht f\u00fcr dich bestimmt. Als ob dein K\u00f6rper keinen Platz in der Modewelt h\u00e4tte. Und dieses Gef\u00fchl macht etwas mit dir.<\/p>\n<p><strong>Wenn es also niemand macht, dann macht man es selbst.<\/strong><\/p>\n<p>Peakout wurde aus diesem Mangel heraus geboren. Nicht als Nebenprodukt, sondern als Statement. Keine \u00dcbergr\u00f6\u00dfe \u2018L\u2019 irgendwo hinten im Regal. Keine Kompromisse. Sondern Kleidung, die vom ersten Tag an f\u00fcr gr\u00f6\u00dfere M\u00e4nner und Frauen entworfen wurde. Mit Passformen, die Sinn machen. Mit Stoffen, die sich mit Ihnen bewegen. Details, die genau richtig sitzen. Und einem Stil, der so stark ist wie Sie selbst.<\/p>\n\t\t<\/div>\n\t\t<div class=\"vc_separator wpb_content_element vc_separator_align_center vc_sep_width_100 vc_sep_pos_align_center vc_separator_no_text vc_sep_color_white vc_custom_1752837467503\" ><span class=\"vc_sep_holder vc_sep_holder_l\"><span class=\"vc_sep_line\"><\/span><\/span><span class=\"vc_sep_holder vc_sep_holder_r\"><span class=\"vc_sep_line\"><\/span><\/span>\n<\/div><\/div><\/div><\/div><div class=\"wpb_column vc_column_container vc_col-sm-12 vc_col-lg-offset-1 vc_col-lg-5 vc_col-md-6 vc_col-xs-12 wd-rs-6125f320eb687\"><div class=\"vc_column-inner vc_custom_1629877027060\"><div class=\"wpb_wrapper\">\t\t<div id=\"wd-68ffced5a68bb\" class=\"wd-image wd-wpb wd-rs-68ffced5a68bb text-left vc_custom_1761595102921\">\n\t\t\t\n\t\t\t<img loading=\"lazy\" decoding=\"async\" width=\"1620\" height=\"1080\" src=\"https:\/\/peakout.shop\/wp-content\/uploads\/2025\/10\/1-2.jpg\" class=\"attachment-full size-full\" alt=\"Lang\u00e4rmeliges Sporthemd\" srcset=\"https:\/\/peakout.shop\/wp-content\/uploads\/2025\/10\/1-2.jpg 1620w, https:\/\/peakout.shop\/wp-content\/uploads\/2025\/10\/1-2-400x267.jpg 400w, https:\/\/peakout.shop\/wp-content\/uploads\/2025\/10\/1-2-1200x800.jpg 1200w, https:\/\/peakout.shop\/wp-content\/uploads\/2025\/10\/1-2-768x512.jpg 768w, https:\/\/peakout.shop\/wp-content\/uploads\/2025\/10\/1-2-1536x1024.jpg 1536w, https:\/\/peakout.shop\/wp-content\/uploads\/2025\/10\/1-2-430x287.jpg 430w, https:\/\/peakout.shop\/wp-content\/uploads\/2025\/10\/1-2-700x467.jpg 700w, https:\/\/peakout.shop\/wp-content\/uploads\/2025\/10\/1-2-150x100.jpg 150w\" sizes=\"auto, (max-width: 1620px) 100vw, 1620px\" \/>\n\t\t\t\t\t<\/div>\n\t\t<\/div><\/div><\/div><\/div><div class=\"vc_row wpb_row vc_row-fluid vc_custom_1752744595045 vc_row-has-fill row-reverse-mobile row-reverse-tablet wd-rs-6878c28d5d90e wd-section-stretch\"><div class=\"wpb_column vc_column_container vc_col-sm-12 vc_col-lg-6 vc_col-md-6 wd-rs-6125f30edad72\"><div class=\"vc_column-inner vc_custom_1629877010833\"><div class=\"wpb_wrapper\"><div class=\"vc_empty_space\"   style=\"height: 32px\"><span class=\"vc_empty_space_inner\"><\/span><\/div>\n\t\t<div id=\"wd-6878c04c21fe9\" class=\"title-wrapper wd-wpb wd-set-mb reset-last-child  wd-rs-6878c04c21fe9 wd-title-color-primary wd-title-style-default text-left vc_custom_1752744017879 wd-underline-colored\">\n\t\t\t\n\t\t\t<div class=\"liner-continer\">\n\t\t\t\t<h4 class=\"woodmart-title-container title  wd-font-weight- wd-fontsize-xxl\" >Lang? Perfekt.<\/h4>\n\t\t\t\t\t\t\t<\/div>\n\t\t\t\n\t\t\t\n\t\t\t\n\t\t<\/div>\n\t\t\n\t\t\t\t<div id=\"wd-6878cbf17900d\" class=\"wd-text-block wd-wpb reset-last-child wd-rs-6878cbf17900d text-left wd-width-enabled wd-fontsize-s vc_custom_1752746999460\" style=\"--wd-max-width: 90%;\">\n\t\t\t<p>Bei Peakout feiern wir die Gr\u00f6\u00dfe. Nicht als l\u00e4stigen K\u00f6rpertyp, sondern als etwas, auf das man stolz sein kann. Ihr K\u00f6rper ist keine Anomalie - er ist die Norm, mit der wir beginnen. Und das sp\u00fcren Sie.<\/p>\n<p>Unsere hochwertige Sport- und Freizeitkleidung ist so konzipiert, dass sie sich mit Ihrem K\u00f6rper bewegt. So k\u00f6nnen Sie sich dehnen, laufen, ausruhen und wachsen, ohne dass es zieht, einrollt oder einknickt. Kein Einschn\u00fcren. Kein Hochwasser. Keine Verunsicherung.<\/p>\n\t\t<\/div>\n\t\t\t\t<div id=\"wd-6878c0617332e\" class=\"wd-text-block wd-wpb reset-last-child wd-rs-6878c0617332e text-left wd-fontsize-custom vc_custom_1752744039553\">\n\t\t\t<p><strong>Unser Stil ist schlank. Unsere Passform ist pr\u00e4zise.<\/strong><\/p>\n<p>Mit hochwertigen Stoffen, intelligenten Details und einem modernen Look werden Sie sich auf dem Spielfeld, im Fitnessstudio oder unterwegs ebenso wohl f\u00fchlen wie selbstbewusst sein. Alles an Peakout ist durchdacht. Und das sp\u00fcrst du, wenn du sie anziehst. Der Moment, in dem du denkst: <em>ja, das ist wahr<\/em>. Endlich Sportbekleidung, die f\u00fcr Sie gemacht ist, weil sie es wirklich ist.<\/p>\n\t\t<\/div>\n\t\t<\/div><\/div><\/div><div class=\"wpb_column vc_column_container vc_col-sm-12 vc_col-lg-offset-1 vc_col-lg-5 vc_col-md-6 vc_col-xs-12 wd-rs-6125f320eb687\"><div class=\"vc_column-inner vc_custom_1629877027060\"><div class=\"wpb_wrapper\">\t\t<div id=\"wd-68ffcf4300ca1\" class=\"wd-image wd-wpb wd-rs-68ffcf4300ca1 text-left vc_custom_1761595345355\">\n\t\t\t\n\t\t\t<img loading=\"lazy\" decoding=\"async\" width=\"1620\" height=\"1080\" src=\"https:\/\/peakout.shop\/wp-content\/uploads\/2025\/10\/Peakout-Over.jpg\" class=\"attachment-full size-full\" alt=\"Sportbekleidung f\u00fcr gro\u00dfe M\u00e4nner und gro\u00dfe Frauen\" srcset=\"https:\/\/peakout.shop\/wp-content\/uploads\/2025\/10\/Peakout-Over.jpg 1620w, https:\/\/peakout.shop\/wp-content\/uploads\/2025\/10\/Peakout-Over-400x267.jpg 400w, https:\/\/peakout.shop\/wp-content\/uploads\/2025\/10\/Peakout-Over-1200x800.jpg 1200w, https:\/\/peakout.shop\/wp-content\/uploads\/2025\/10\/Peakout-Over-768x512.jpg 768w, https:\/\/peakout.shop\/wp-content\/uploads\/2025\/10\/Peakout-Over-1536x1024.jpg 1536w, https:\/\/peakout.shop\/wp-content\/uploads\/2025\/10\/Peakout-Over-430x287.jpg 430w, https:\/\/peakout.shop\/wp-content\/uploads\/2025\/10\/Peakout-Over-700x467.jpg 700w, https:\/\/peakout.shop\/wp-content\/uploads\/2025\/10\/Peakout-Over-150x100.jpg 150w\" sizes=\"auto, (max-width: 1620px) 100vw, 1620px\" \/>\n\t\t\t\t\t<\/div>\n\t\t<\/div><\/div><\/div><\/div><div class=\"vc_row wpb_row vc_row-fluid vc_custom_1752750057250 row-reverse-mobile row-reverse-tablet wd-rs-6878d7e0eb9c7\"><div class=\"wpb_column vc_column_container vc_col-sm-12 vc_col-lg-6 vc_col-md-6 wd-rs-6125f30edad72\"><div class=\"vc_column-inner vc_custom_1629877010833\"><div class=\"wpb_wrapper\">\t\t<div id=\"wd-68ffcf066b696\" class=\"wd-image wd-wpb wd-rs-68ffcf066b696 text-left vc_custom_1761595155832\">\n\t\t\t\n\t\t\t<img loading=\"lazy\" decoding=\"async\" width=\"700\" height=\"800\" src=\"https:\/\/peakout.shop\/wp-content\/uploads\/2025\/10\/Peakout-vrouw.jpg\" class=\"attachment-full size-full\" alt=\"Trainingsanzug f\u00fcr gro\u00dfe Frauen\" srcset=\"https:\/\/peakout.shop\/wp-content\/uploads\/2025\/10\/Peakout-vrouw.jpg 700w, https:\/\/peakout.shop\/wp-content\/uploads\/2025\/10\/Peakout-vrouw-263x300.jpg 263w, https:\/\/peakout.shop\/wp-content\/uploads\/2025\/10\/Peakout-vrouw-430x491.jpg 430w, https:\/\/peakout.shop\/wp-content\/uploads\/2025\/10\/Peakout-vrouw-150x171.jpg 150w\" sizes=\"auto, (max-width: 700px) 100vw, 700px\" \/>\n\t\t\t\t\t<\/div>\n\t\t<\/div><\/div><\/div><div class=\"wpb_column vc_column_container vc_col-sm-12 vc_col-lg-offset-1 vc_col-lg-5 vc_col-md-6 vc_col-xs-12 wd-rs-6125f320eb687\"><div class=\"vc_column-inner vc_custom_1629877027060\"><div class=\"wpb_wrapper\">\n\t\t<div id=\"wd-687a2e600507f\" class=\"title-wrapper wd-wpb wd-set-mb reset-last-child  wd-rs-687a2e600507f wd-title-color-primary wd-title-style-default text-left vc_custom_1752837735794 wd-width-enabled wd-underline-colored\" style=\"--wd-max-width: 90%;\">\n\t\t\t\t\t\t\t\n\t\t\t\t<div class=\"title-subtitle  subtitle-color-primary font-default subtitle-style-default wd-font-weight-600 wd-fontsize-xs\">DAHER PEAKOUT<\/div>\n\t\t\t\n\t\t\t<div class=\"liner-continer\">\n\t\t\t\t<h4 class=\"woodmart-title-container title  wd-font-weight- wd-fontsize-xxl\" >Nachhaltig, denn gut muss wirklich gut sein.<\/h4>\n\t\t\t\t\t\t\t<\/div>\n\t\t\t\n\t\t\t\n\t\t\t\n\t\t<\/div>\n\t\t\n\t\t<div class=\"vc_separator wpb_content_element vc_separator_align_center vc_sep_width_100 vc_sep_pos_align_center vc_separator_no_text vc_sep_color_white\" ><span class=\"vc_sep_holder vc_sep_holder_l\"><span class=\"vc_sep_line\"><\/span><\/span><span class=\"vc_sep_holder vc_sep_holder_r\"><span class=\"vc_sep_line\"><\/span><\/span>\n<\/div>\t\t\t<div class=\"info-box-wrapper\">\n\t\t\t\t<div id=\"wd-687a2efcdbd2f\" class=\"wd-rs-687a2efcdbd2f wd-info-box wd-wpb text-left box-icon-align-left box-style- color-scheme- wd-bg-none wd-items-top vc_custom_1752837894229\">\n\t\t\t\t\t\t\t\t\t\t<div class=\"info-box-content\">\n\t\t\t\t\t\t\t\t\t\t\t\t<div class=\"info-box-inner reset-last-child\"><p>Wir von Peakout sind der Meinung, dass Kleidung nicht nur gut sitzen, sondern auch lange halten sollte. Deshalb verwenden wir langlebige, hochwertige Materialien, die auch nach intensivem Gebrauch ihre Form und ihren Komfort behalten.<\/p>\n<p>Wir machen keine schnelle Mode, sondern Kleidung, die lange h\u00e4lt. F\u00fcr Sie und f\u00fcr die Welt. Denn Stil, Passform und Verantwortung k\u00f6nnen perfekt zusammenpassen.<br \/>\n<strong><br \/>\nWas macht uns anders?<\/strong><\/p>\n<ul>\n<li>Gro\u00dfe Gr\u00f6\u00dfen sind die Norm, nicht ein nachtr\u00e4glicher Einfall<\/li>\n<li>Hochwertige Stoffe, die sich mit Ihrem K\u00f6rper bewegen<\/li>\n<li>Clevere Details an genau den richtigen Stellen<\/li>\n<li>Zeitloses Design, das zu Ihrem Stil und Ihrer K\u00f6rpergr\u00f6\u00dfe passt<\/li>\n<\/ul>\n<p>Wir verstehen Sie. Denn wir sind selbst gro\u00df. Und wir hatten die Nase voll.<\/p>\n<p>Die Mission von Peakout ist klar: Niemand muss sich mehr an Kleidung anpassen, die nicht f\u00fcr ihn bestimmt ist. Mit Peakout zeigen wir, dass Sportbekleidung auch f\u00fcr gro\u00dfe Menschen stilvoll, bequem und korrekt sein kann. Ohne Zugest\u00e4ndnisse. Ohne das Gef\u00fchl, nicht hineinzupassen.<\/p>\n<\/div>\n\n\t\t\t\t\t\t\t\t\t\t\t<\/div>\n\n\t\t\t\t\t\t\t\t\t\t\t<a class=\"wd-info-box-link wd-fill\" aria-label=\"Infobox-Link\" href=\"#\" title=\"\"><\/a>\n\t\t\t\t\t\n\t\t\t\t\t\t\t\t\t<\/div>\n\t\t\t<\/div>\n\t\t<\/div><\/div><\/div><\/div><div class=\"vc_row wpb_row vc_row-fluid\"><div class=\"wpb_column vc_column_container vc_col-sm-12\"><div class=\"vc_column-inner\"><div class=\"wpb_wrapper\"><section class=\"vc_cta3-container\"><div class=\"vc_general vc_do_cta3 vc_cta3 vc_cta3-style-classic vc_cta3-shape-rounded vc_cta3-align-left vc_cta3-color-classic vc_cta3-icon-size-md vc_cta3-actions-bottom\"><div class=\"vc_cta3_content-container\"><div class=\"vc_cta3-content\"><header class=\"vc_cta3-content-header\"><h2>Aufrecht. Selbstbewusst. Mit Stil. In Peakout.<\/h2><\/header><p>Peakout - gemacht f\u00fcr Ihre K\u00f6rpergr\u00f6\u00dfe. Nicht f\u00fcr die breite Masse.<\/p>\n<\/div><div class=\"vc_cta3-actions\"><div class=\"vc_btn3-container vc_btn3-inline vc_do_btn\" ><a class=\"vc_general vc_btn3 vc_btn3-size-md vc_btn3-shape-rounded vc_btn3-style-outline vc_btn3-color-inverse\" href=\"https:\/\/peakout.shop\/de\/shop\/\" title=\"JETZT EINKAUFEN\">JETZT EINKAUFEN<\/a><\/div><\/div><\/div><\/div><\/section><\/div><\/div><\/div><\/div>\n<\/div>","protected":false},"excerpt":{"rendered":"ATHLEISURE MADE TO FIT Over Peakout. DAAROM PEAKOUT Active wear die jouw lengte, stijl \u00e9n comfort serieus neemt Je kent","protected":false},"author":1,"featured_media":0,"parent":0,"menu_order":0,"comment_status":"closed","ping_status":"closed","template":"","meta":{"footnotes":""},"class_list":["post-5212","page","type-page","status-publish","hentry"],"yoast_head":"<!-- This site is optimized with the Yoast SEO plugin v26.7 - https:\/\/yoast.com\/wordpress\/plugins\/seo\/ -->\n<title>Over Peakout - sportkleding voor lange mensen<\/title>\n<meta name=\"description\" content=\"Met Peakout laten we zien dat sportkleding ook voor lange mensen stijlvol, comfortabel \u00e9n kloppend kan zijn. Zonder concessies.\" \/>\n<meta name=\"robots\" content=\"index, follow, max-snippet:-1, max-image-preview:large, max-video-preview:-1\" \/>\n<link rel=\"canonical\" href=\"https:\/\/peakout.shop\/de\/uber-peakout\/\" \/>\n<meta property=\"og:locale\" content=\"de_DE\" \/>\n<meta property=\"og:type\" content=\"article\" \/>\n<meta property=\"og:title\" content=\"Over Peakout - sportkleding voor lange mensen\" \/>\n<meta property=\"og:description\" content=\"Met Peakout laten we zien dat sportkleding ook voor lange mensen stijlvol, comfortabel \u00e9n kloppend kan zijn. Zonder concessies.\" \/>\n<meta property=\"og:url\" content=\"https:\/\/peakout.shop\/de\/uber-peakout\/\" \/>\n<meta property=\"og:site_name\" content=\"Peakout\" \/>\n<meta property=\"article:publisher\" content=\"https:\/\/www.facebook.com\/peakoutshop\" \/>\n<meta property=\"article:modified_time\" content=\"2026-01-08T08:22:12+00:00\" \/>\n<meta name=\"twitter:card\" content=\"summary_large_image\" \/>\n<meta name=\"twitter:label1\" content=\"Gesch\u00e4tzte Lesezeit\" \/>\n\t<meta name=\"twitter:data1\" content=\"7\u00a0Minuten\" \/>\n<script type=\"application\/ld+json\" class=\"yoast-schema-graph\">{\"@context\":\"https:\/\/schema.org\",\"@graph\":[{\"@type\":\"WebPage\",\"@id\":\"https:\/\/peakout.shop\/over-peakout\/\",\"url\":\"https:\/\/peakout.shop\/over-peakout\/\",\"name\":\"Over Peakout - sportkleding voor lange mensen\",\"isPartOf\":{\"@id\":\"https:\/\/peakout.shop\/#website\"},\"datePublished\":\"2021-08-25T07:26:28+00:00\",\"dateModified\":\"2026-01-08T08:22:12+00:00\",\"description\":\"Met Peakout laten we zien dat sportkleding ook voor lange mensen stijlvol, comfortabel \u00e9n kloppend kan zijn. Zonder concessies.\",\"breadcrumb\":{\"@id\":\"https:\/\/peakout.shop\/over-peakout\/#breadcrumb\"},\"inLanguage\":\"de\",\"potentialAction\":[{\"@type\":\"ReadAction\",\"target\":[\"https:\/\/peakout.shop\/over-peakout\/\"]}]},{\"@type\":\"BreadcrumbList\",\"@id\":\"https:\/\/peakout.shop\/over-peakout\/#breadcrumb\",\"itemListElement\":[{\"@type\":\"ListItem\",\"position\":1,\"name\":\"Home\",\"item\":\"https:\/\/peakout.shop\/\"},{\"@type\":\"ListItem\",\"position\":2,\"name\":\"Over peakout\"}]},{\"@type\":\"WebSite\",\"@id\":\"https:\/\/peakout.shop\/#website\",\"url\":\"https:\/\/peakout.shop\/\",\"name\":\"Peakout\",\"description\":\"\",\"publisher\":{\"@id\":\"https:\/\/peakout.shop\/#organization\"},\"potentialAction\":[{\"@type\":\"SearchAction\",\"target\":{\"@type\":\"EntryPoint\",\"urlTemplate\":\"https:\/\/peakout.shop\/?s={search_term_string}\"},\"query-input\":{\"@type\":\"PropertyValueSpecification\",\"valueRequired\":true,\"valueName\":\"search_term_string\"}}],\"inLanguage\":\"de\"},{\"@type\":\"Organization\",\"@id\":\"https:\/\/peakout.shop\/#organization\",\"name\":\"Peakout\",\"url\":\"https:\/\/peakout.shop\/\",\"logo\":{\"@type\":\"ImageObject\",\"inLanguage\":\"de\",\"@id\":\"https:\/\/peakout.shop\/#\/schema\/logo\/image\/\",\"url\":\"https:\/\/peakout.shop\/wp-content\/uploads\/2025\/07\/logo.svg\",\"contentUrl\":\"https:\/\/peakout.shop\/wp-content\/uploads\/2025\/07\/logo.svg\",\"width\":900,\"height\":749,\"caption\":\"Peakout\"},\"image\":{\"@id\":\"https:\/\/peakout.shop\/#\/schema\/logo\/image\/\"},\"sameAs\":[\"https:\/\/www.facebook.com\/peakoutshop\",\"https:\/\/www.instagram.com\/challenge\/?next=httpswww.instagram.compeakout.shop__coig_challenged1\",\"https:\/\/www.tiktok.com\/@peakoutshop\"]}]}<\/script>\n<!-- \/ Yoast SEO plugin. -->","yoast_head_json":{"title":"\u00dcber Peakout - Sportbekleidung f\u00fcr gro\u00dfe Menschen","description":"Mit Peakout zeigen wir, dass Sportbekleidung auch f\u00fcr gro\u00dfe Menschen stilvoll, bequem und schick sein kann. Ohne Zugest\u00e4ndnisse.","robots":{"index":"index","follow":"follow","max-snippet":"max-snippet:-1","max-image-preview":"max-image-preview:large","max-video-preview":"max-video-preview:-1"},"canonical":"https:\/\/peakout.shop\/de\/uber-peakout\/","og_locale":"de_DE","og_type":"article","og_title":"Over Peakout - sportkleding voor lange mensen","og_description":"Met Peakout laten we zien dat sportkleding ook voor lange mensen stijlvol, comfortabel \u00e9n kloppend kan zijn. Zonder concessies.","og_url":"https:\/\/peakout.shop\/de\/uber-peakout\/","og_site_name":"Peakout","article_publisher":"https:\/\/www.facebook.com\/peakoutshop","article_modified_time":"2026-01-08T08:22:12+00:00","twitter_card":"summary_large_image","twitter_misc":{"Gesch\u00e4tzte Lesezeit":"7\u00a0Minuten"},"schema":{"@context":"https:\/\/schema.org","@graph":[{"@type":"WebPage","@id":"https:\/\/peakout.shop\/over-peakout\/","url":"https:\/\/peakout.shop\/over-peakout\/","name":"\u00dcber Peakout - Sportbekleidung f\u00fcr gro\u00dfe Menschen","isPartOf":{"@id":"https:\/\/peakout.shop\/#website"},"datePublished":"2021-08-25T07:26:28+00:00","dateModified":"2026-01-08T08:22:12+00:00","description":"Mit Peakout zeigen wir, dass Sportbekleidung auch f\u00fcr gro\u00dfe Menschen stilvoll, bequem und schick sein kann. Ohne Zugest\u00e4ndnisse.","breadcrumb":{"@id":"https:\/\/peakout.shop\/over-peakout\/#breadcrumb"},"inLanguage":"de","potentialAction":[{"@type":"ReadAction","target":["https:\/\/peakout.shop\/over-peakout\/"]}]},{"@type":"BreadcrumbList","@id":"https:\/\/peakout.shop\/over-peakout\/#breadcrumb","itemListElement":[{"@type":"ListItem","position":1,"name":"Home","item":"https:\/\/peakout.shop\/"},{"@type":"ListItem","position":2,"name":"Over peakout"}]},{"@type":"WebSite","@id":"https:\/\/peakout.shop\/#website","url":"https:\/\/peakout.shop\/","name":"Peakout","description":"","publisher":{"@id":"https:\/\/peakout.shop\/#organization"},"potentialAction":[{"@type":"SearchAction","target":{"@type":"EntryPoint","urlTemplate":"https:\/\/peakout.shop\/?s={search_term_string}"},"query-input":{"@type":"PropertyValueSpecification","valueRequired":true,"valueName":"search_term_string"}}],"inLanguage":"de"},{"@type":"Organization","@id":"https:\/\/peakout.shop\/#organization","name":"Peakout","url":"https:\/\/peakout.shop\/","logo":{"@type":"ImageObject","inLanguage":"de","@id":"https:\/\/peakout.shop\/#\/schema\/logo\/image\/","url":"https:\/\/peakout.shop\/wp-content\/uploads\/2025\/07\/logo.svg","contentUrl":"https:\/\/peakout.shop\/wp-content\/uploads\/2025\/07\/logo.svg","width":900,"height":749,"caption":"Peakout"},"image":{"@id":"https:\/\/peakout.shop\/#\/schema\/logo\/image\/"},"sameAs":["https:\/\/www.facebook.com\/peakoutshop","https:\/\/www.instagram.com\/challenge\/?next=httpswww.instagram.compeakout.shop__coig_challenged1","https:\/\/www.tiktok.com\/@peakoutshop"]}]}},"_links":{"self":[{"href":"https:\/\/peakout.shop\/de\/wp-json\/wp\/v2\/pages\/5212","targetHints":{"allow":["GET"]}}],"collection":[{"href":"https:\/\/peakout.shop\/de\/wp-json\/wp\/v2\/pages"}],"about":[{"href":"https:\/\/peakout.shop\/de\/wp-json\/wp\/v2\/types\/page"}],"author":[{"embeddable":true,"href":"https:\/\/peakout.shop\/de\/wp-json\/wp\/v2\/users\/1"}],"replies":[{"embeddable":true,"href":"https:\/\/peakout.shop\/de\/wp-json\/wp\/v2\/comments?post=5212"}],"version-history":[{"count":67,"href":"https:\/\/peakout.shop\/de\/wp-json\/wp\/v2\/pages\/5212\/revisions"}],"predecessor-version":[{"id":10904,"href":"https:\/\/peakout.shop\/de\/wp-json\/wp\/v2\/pages\/5212\/revisions\/10904"}],"wp:attachment":[{"href":"https:\/\/peakout.shop\/de\/wp-json\/wp\/v2\/media?parent=5212"}],"curies":[{"name":"wp","href":"https:\/\/api.w.org\/{rel}","templated":true}]}}