{"id":10831,"date":"2025-10-29T15:11:00","date_gmt":"2025-10-29T15:11:00","guid":{"rendered":"https:\/\/peakout.shop\/?page_id=10831"},"modified":"2026-01-08T08:22:47","modified_gmt":"2026-01-08T08:22:47","slug":"grosenempfehlung","status":"publish","type":"page","link":"https:\/\/peakout.shop\/de\/maatadvies\/","title":{"rendered":"Gr\u00f6\u00dfenberatung"},"content":{"rendered":"<div class=\"wpb-content-wrapper\"><div style=\"min-height: 300px\" class=\"vc_row wpb_row vc_row-fluid vc_custom_1761749948894 vc_row-has-fill wd-bg-center-top wd-rs-69022bb02fec8\"><div class=\"wpb_column vc_column_container vc_col-sm-12 vc_col-has-fill wd-rs-6878d39f13f8d\"><div class=\"vc_column-inner vc_custom_1752748965391\"><div class=\"wpb_wrapper\"><div class=\"vc_empty_space hidden-md hidden-sm hidden-xs\"   style=\"height: 300px\"><span class=\"vc_empty_space_inner\"><\/span><\/div>\n\t\t<div id=\"wd-69022be7555e3\" class=\"title-wrapper wd-wpb wd-set-mb reset-last-child  wd-rs-69022be7555e3 wd-title-color-white wd-title-style-default text-left vc_custom_1761749998121 wd-underline-colored\">\n\t\t\t\t\t\t\t\n\t\t\t\t<div class=\"title-subtitle  subtitle-color-white font-default subtitle-style-default wd-font-weight-600 wd-fontsize-xs\">PERFEKTE PASSFORM<\/div>\n\t\t\t\n\t\t\t<div class=\"liner-continer\">\n\t\t\t\t<h1 class=\"woodmart-title-container title  wd-font-weight- wd-fontsize-xxl\" >Gr\u00f6\u00dfenberatung<\/h1>\n\t\t\t\t\t\t\t<\/div>\n\t\t\t\n\t\t\t\n\t\t\t\n\t\t<\/div>\n\t\t\n\t\t<\/div><\/div><\/div><\/div><div class=\"vc_row wpb_row vc_row-fluid vc_custom_1752750057250 row-reverse-mobile row-reverse-tablet wd-rs-6878d7e0eb9c7\"><div class=\"wpb_column vc_column_container vc_col-sm-12 vc_col-lg-6 vc_col-md-6 wd-rs-6125f30edad72\"><div class=\"vc_column-inner vc_custom_1629877010833\"><div class=\"wpb_wrapper\">\t\t<div id=\"wd-69022cb077001\" class=\"wd-image wd-wpb wd-rs-69022cb077001 text-left vc_custom_1761750301109\">\n\t\t\t\n\t\t\t<img loading=\"lazy\" decoding=\"async\" width=\"700\" height=\"800\" src=\"https:\/\/peakout.shop\/wp-content\/uploads\/2025\/10\/Peakout-maatadvies.jpg\" class=\"attachment-full size-full\" alt=\"\" srcset=\"https:\/\/peakout.shop\/wp-content\/uploads\/2025\/10\/Peakout-maatadvies.jpg 700w, https:\/\/peakout.shop\/wp-content\/uploads\/2025\/10\/Peakout-maatadvies-263x300.jpg 263w, https:\/\/peakout.shop\/wp-content\/uploads\/2025\/10\/Peakout-maatadvies-430x491.jpg 430w, https:\/\/peakout.shop\/wp-content\/uploads\/2025\/10\/Peakout-maatadvies-150x171.jpg 150w\" sizes=\"auto, (max-width: 700px) 100vw, 700px\" \/>\n\t\t\t\t\t<\/div>\n\t\t<\/div><\/div><\/div><div class=\"wpb_column vc_column_container vc_col-sm-12 vc_col-lg-offset-1 vc_col-lg-5 vc_col-md-6 vc_col-xs-12 wd-rs-6125f320eb687\"><div class=\"vc_column-inner vc_custom_1629877027060\"><div class=\"wpb_wrapper\">\n\t\t<div id=\"wd-69022bf8a8710\" class=\"title-wrapper wd-wpb wd-set-mb reset-last-child  wd-rs-69022bf8a8710 wd-title-color-primary wd-title-style-default text-left vc_custom_1761750049789 wd-width-enabled wd-underline-colored\" style=\"--wd-max-width: 90%;\">\n\t\t\t\t\t\t\t\n\t\t\t\t<div class=\"title-subtitle  subtitle-color-primary font-default subtitle-style-default wd-font-weight-600 wd-fontsize-xs\">MAATHULP<\/div>\n\t\t\t\n\t\t\t<div class=\"liner-continer\">\n\t\t\t\t<h4 class=\"woodmart-title-container title  wd-font-weight- wd-fontsize-xxl\" >Finden Sie die richtige Gr\u00f6\u00dfe<\/h4>\n\t\t\t\t\t\t\t<\/div>\n\t\t\t\n\t\t\t\n\t\t\t\n\t\t<\/div>\n\t\t\n\t\t<div class=\"vc_separator wpb_content_element vc_separator_align_center vc_sep_width_100 vc_sep_pos_align_center vc_separator_no_text vc_sep_color_white\" ><span class=\"vc_sep_holder vc_sep_holder_l\"><span class=\"vc_sep_line\"><\/span><\/span><span class=\"vc_sep_holder vc_sep_holder_r\"><span class=\"vc_sep_line\"><\/span><\/span>\n<\/div>\t\t\t<div class=\"info-box-wrapper\">\n\t\t\t\t<div id=\"wd-69022c84e1f80\" class=\"wd-rs-69022c84e1f80 wd-info-box wd-wpb text-left box-icon-align-left box-style- color-scheme- wd-bg-none wd-items-top vc_custom_1761750172841\">\n\t\t\t\t\t\t\t\t\t\t<div class=\"info-box-content\">\n\t\t\t\t\t\t\t\t\t\t\t\t<div class=\"info-box-inner reset-last-child\"><p>Wir von Peakout finden es wichtig, dass Ihre Sportbekleidung perfekt sitzt. Deshalb haben wir eine praktische Gr\u00f6\u00dfentabelle f\u00fcr M\u00e4nner und Frauen entwickelt. Geben Sie Ihre Gr\u00f6\u00dfe, Ihr Gewicht und Ihren K\u00f6rperbau ein, und finden Sie schnell Ihre Empfehlungsgr\u00f6\u00dfe.<\/p>\n<p>&nbsp;<\/p>\n<p><strong>Warum ein Gr\u00f6\u00dfenberatungssystem?<\/strong><\/p>\n<ul>\n<li>Vermeiden Sie Fehltritte: Achten Sie darauf, dass Hemden, Hosen und Jacken richtig sitzen.<\/li>\n<li>Schnellere Auswahl: Keine Zweifel mehr, welche Gr\u00f6\u00dfe Sie ben\u00f6tigen.<\/li>\n<li>Zuverl\u00e4ssig: Unsere Gr\u00f6\u00dfen basieren auf Passformtests und Kundenerfahrungen.<\/li>\n<\/ul>\n<p>&nbsp;<\/p>\n<p><strong>Wie verwenden Sie den Zeitplan?<\/strong><\/p>\n<ol>\n<li>Schauen Sie in der Tabelle nach Ihrer K\u00f6rpergr\u00f6\u00dfe.<\/li>\n<li>Finden Sie heraus, welches Gewicht zu Ihnen passt.<\/li>\n<li>W\u00e4hlen Sie den K\u00f6rperbautyp: schlank, normal oder bordeauxrot.<\/li>\n<li>Lesen Sie Ihre Beratungsgr\u00f6\u00dfe ab und vergleichen Sie sie mit der Federgr\u00f6\u00dfe, um gegebenenfalls eine andere Passform zu erhalten.<\/li>\n<\/ol>\n<p>\n<\/div>\n\n\t\t\t\t\t\t\t\t\t\t\t<\/div>\n\n\t\t\t\t\t\t\t\t\t\t\t<a class=\"wd-info-box-link wd-fill\" aria-label=\"Infobox-Link\" href=\"#\" title=\"\"><\/a>\n\t\t\t\t\t\n\t\t\t\t\t\t\t\t\t<\/div>\n\t\t\t<\/div>\n\t\t<\/div><\/div><\/div><\/div><div class=\"vc_row wpb_row vc_row-fluid vc_custom_1629877038080 row-reverse-mobile row-reverse-tablet wd-rs-6125f32826e3d\"><div class=\"wpb_column vc_column_container vc_col-sm-12 vc_col-lg-6 vc_col-md-6 wd-rs-6125f30edad72\"><div class=\"vc_column-inner vc_custom_1629877010833\"><div class=\"wpb_wrapper\">\n\t\t<div id=\"wd-69022d7adc5f8\" class=\"title-wrapper wd-wpb wd-set-mb reset-last-child  wd-rs-69022d7adc5f8 wd-title-color-primary wd-title-style-default text-left vc_custom_1761750408609 wd-underline-colored\">\n\t\t\t\n\t\t\t<div class=\"liner-continer\">\n\t\t\t\t<h4 class=\"woodmart-title-container title  wd-font-weight- wd-fontsize-xxl\" >Gr\u00f6\u00dfenangaben f\u00fcr M\u00e4nner<\/h4>\n\t\t\t\t\t\t\t<\/div>\n\t\t\t\n\t\t\t\n\t\t\t\n\t\t<\/div>\n\t\t\n\t\t\t\t<div id=\"wd-69088a2ec7e83\" class=\"wd-text-block wd-wpb reset-last-child wd-rs-69088a2ec7e83 text-left wd-width-enabled wd-fontsize-s vc_custom_1762167745276\" style=\"--wd-max-width: 90%;\">\n\t\t\t\n<table id=\"tablepress-1\" class=\"tablepress tablepress-id-1\">\n<thead>\n<tr class=\"row-1\">\n\t<th class=\"column-1\">L\u00e4nge (cm)<\/th><th class=\"column-2\">Gewicht (kg)<\/th><th class=\"column-3\">Bauwesen<\/th><th class=\"column-4\">Beratungsgr\u00f6\u00dfe<\/th><th class=\"column-5\">L\u00e4nge<\/th>\n<\/tr>\n<\/thead>\n<tbody class=\"row-striping row-hover\">\n<tr class=\"row-2\">\n\t<td class=\"column-1\">180-188<\/td><td class=\"column-2\">65-74<\/td><td class=\"column-3\">Schlank<\/td><td class=\"column-4\">S<\/td><td class=\"column-5\">36<\/td>\n<\/tr>\n<tr class=\"row-3\">\n\t<td class=\"column-1\">180-188<\/td><td class=\"column-2\">75-84<\/td><td class=\"column-3\">Normal<\/td><td class=\"column-4\">M<\/td><td class=\"column-5\">36<\/td>\n<\/tr>\n<tr class=\"row-4\">\n\t<td class=\"column-1\">180-188<\/td><td class=\"column-2\">85-94<\/td><td class=\"column-3\">Burgundische<\/td><td class=\"column-4\">L<\/td><td class=\"column-5\">36<\/td>\n<\/tr>\n<tr class=\"row-5\">\n\t<td class=\"column-1\">189-200<\/td><td class=\"column-2\">70-79<\/td><td class=\"column-3\">Schlank<\/td><td class=\"column-4\">M<\/td><td class=\"column-5\">38<\/td>\n<\/tr>\n<tr class=\"row-6\">\n\t<td class=\"column-1\">189-200<\/td><td class=\"column-2\">80-89<\/td><td class=\"column-3\">Normal<\/td><td class=\"column-4\">L<\/td><td class=\"column-5\">38<\/td>\n<\/tr>\n<tr class=\"row-7\">\n\t<td class=\"column-1\">189-200<\/td><td class=\"column-2\">90-99<\/td><td class=\"column-3\">Burgundische<\/td><td class=\"column-4\">XL<\/td><td class=\"column-5\">38<\/td>\n<\/tr>\n<tr class=\"row-8\">\n\t<td class=\"column-1\">201+<\/td><td class=\"column-2\">80-89<\/td><td class=\"column-3\">Schlank<\/td><td class=\"column-4\">M<\/td><td class=\"column-5\">40<\/td>\n<\/tr>\n<tr class=\"row-9\">\n\t<td class=\"column-1\">201+<\/td><td class=\"column-2\">90-99<\/td><td class=\"column-3\">Normal<\/td><td class=\"column-4\">L<\/td><td class=\"column-5\">40<\/td>\n<\/tr>\n<tr class=\"row-10\">\n\t<td class=\"column-1\">201+<\/td><td class=\"column-2\">100-109<\/td><td class=\"column-3\">Burgundische<\/td><td class=\"column-4\">XL<\/td><td class=\"column-5\">40<\/td>\n<\/tr>\n<\/tbody>\n<\/table>\n<!-- #tablepress-1 from cache -->\n\t\t<\/div>\n\t\t<div class=\"vc_separator wpb_content_element vc_separator_align_center vc_sep_width_100 vc_sep_pos_align_center vc_separator_no_text vc_sep_color_white vc_custom_1752837467503\" ><span class=\"vc_sep_holder vc_sep_holder_l\"><span class=\"vc_sep_line\"><\/span><\/span><span class=\"vc_sep_holder vc_sep_holder_r\"><span class=\"vc_sep_line\"><\/span><\/span>\n<\/div><\/div><\/div><\/div><div class=\"wpb_column vc_column_container vc_col-sm-12 vc_col-lg-offset-1 vc_col-lg-5 vc_col-md-6 vc_col-xs-12 wd-rs-6125f320eb687\"><div class=\"vc_column-inner vc_custom_1629877027060\"><div class=\"wpb_wrapper\">\t\t<div id=\"wd-69022d94d57be\" class=\"wd-image wd-wpb wd-rs-69022d94d57be text-left vc_custom_1761750435074\">\n\t\t\t\n\t\t\t<img loading=\"lazy\" decoding=\"async\" width=\"700\" height=\"800\" src=\"https:\/\/peakout.shop\/wp-content\/uploads\/2025\/10\/3.jpg\" class=\"attachment-full size-full\" alt=\"Sportbekleidung f\u00fcr gro\u00dfe M\u00e4nner\" srcset=\"https:\/\/peakout.shop\/wp-content\/uploads\/2025\/10\/3.jpg 700w, https:\/\/peakout.shop\/wp-content\/uploads\/2025\/10\/3-263x300.jpg 263w, https:\/\/peakout.shop\/wp-content\/uploads\/2025\/10\/3-430x491.jpg 430w, https:\/\/peakout.shop\/wp-content\/uploads\/2025\/10\/3-150x171.jpg 150w\" sizes=\"auto, (max-width: 700px) 100vw, 700px\" \/>\n\t\t\t\t\t<\/div>\n\t\t<\/div><\/div><\/div><\/div><div class=\"vc_row wpb_row vc_row-fluid vc_custom_1752744595045 vc_row-has-fill row-reverse-mobile row-reverse-tablet wd-rs-6878c28d5d90e wd-section-stretch\"><div class=\"wpb_column vc_column_container vc_col-sm-12 vc_col-lg-6 vc_col-md-6 wd-rs-6125f30edad72\"><div class=\"vc_column-inner vc_custom_1629877010833\"><div class=\"wpb_wrapper\"><div class=\"vc_empty_space\"   style=\"height: 32px\"><span class=\"vc_empty_space_inner\"><\/span><\/div>\t\t<div id=\"wd-69022df2b40d3\" class=\"wd-image wd-wpb wd-rs-69022df2b40d3 text-left vc_custom_1761750528388\">\n\t\t\t\n\t\t\t<img loading=\"lazy\" decoding=\"async\" width=\"700\" height=\"800\" src=\"https:\/\/peakout.shop\/wp-content\/uploads\/2021\/07\/2.jpg\" class=\"attachment-full size-full\" alt=\"Trainingsanzug f\u00fcr gro\u00dfe Frauen\" srcset=\"https:\/\/peakout.shop\/wp-content\/uploads\/2021\/07\/2.jpg 700w, https:\/\/peakout.shop\/wp-content\/uploads\/2021\/07\/2-263x300.jpg 263w, https:\/\/peakout.shop\/wp-content\/uploads\/2021\/07\/2-430x491.jpg 430w, https:\/\/peakout.shop\/wp-content\/uploads\/2021\/07\/2-150x171.jpg 150w\" sizes=\"auto, (max-width: 700px) 100vw, 700px\" \/>\n\t\t\t\t\t<\/div>\n\t\t<\/div><\/div><\/div><div class=\"wpb_column vc_column_container vc_col-sm-12 vc_col-lg-offset-1 vc_col-lg-5 vc_col-md-6 vc_col-xs-12 wd-rs-6125f320eb687\"><div class=\"vc_column-inner vc_custom_1629877027060\"><div class=\"wpb_wrapper\">\n\t\t<div id=\"wd-69022dad23c14\" class=\"title-wrapper wd-wpb wd-set-mb reset-last-child  wd-rs-69022dad23c14 wd-title-color-primary wd-title-style-default text-left vc_custom_1761750456973 wd-underline-colored\">\n\t\t\t\n\t\t\t<div class=\"liner-continer\">\n\t\t\t\t<h4 class=\"woodmart-title-container title  wd-font-weight- wd-fontsize-xxl\" >Gr\u00f6\u00dfenangaben f\u00fcr Frauen<\/h4>\n\t\t\t\t\t\t\t<\/div>\n\t\t\t\n\t\t\t\n\t\t\t\n\t\t<\/div>\n\t\t\n\t\t\t\t<div id=\"wd-69088c59ed84a\" class=\"wd-text-block wd-wpb reset-last-child wd-rs-69088c59ed84a text-left wd-width-enabled wd-fontsize-s vc_custom_1762167903481\" style=\"--wd-max-width: 90%;\">\n\t\t\t\n<table id=\"tablepress-2\" class=\"tablepress tablepress-id-2\">\n<thead>\n<tr class=\"row-1\">\n\t<th class=\"column-1\">L\u00e4nge (cm)<\/th><th class=\"column-2\">Gewicht (kg)<\/th><th class=\"column-3\">Bauwesen<\/th><th class=\"column-4\">Beratungsgr\u00f6\u00dfe<\/th><th class=\"column-5\">L\u00e4nge<\/th>\n<\/tr>\n<\/thead>\n<tbody class=\"row-striping row-hover\">\n<tr class=\"row-2\">\n\t<td class=\"column-1\">175-180<\/td><td class=\"column-2\">60-68<\/td><td class=\"column-3\">Schlank<\/td><td class=\"column-4\">S<\/td><td class=\"column-5\">36<\/td>\n<\/tr>\n<tr class=\"row-3\">\n\t<td class=\"column-1\">175-180<\/td><td class=\"column-2\">69-77<\/td><td class=\"column-3\">Normal<\/td><td class=\"column-4\">M<\/td><td class=\"column-5\">36<\/td>\n<\/tr>\n<tr class=\"row-4\">\n\t<td class=\"column-1\">175-180<\/td><td class=\"column-2\">78-86<\/td><td class=\"column-3\">Burgundische<\/td><td class=\"column-4\">L<\/td><td class=\"column-5\">36<\/td>\n<\/tr>\n<tr class=\"row-5\">\n\t<td class=\"column-1\">181-188<\/td><td class=\"column-2\">65-73<\/td><td class=\"column-3\">Schlank<\/td><td class=\"column-4\">M<\/td><td class=\"column-5\">38<\/td>\n<\/tr>\n<tr class=\"row-6\">\n\t<td class=\"column-1\">181-188<\/td><td class=\"column-2\">74-82<\/td><td class=\"column-3\">Normal<\/td><td class=\"column-4\">L<\/td><td class=\"column-5\">38<\/td>\n<\/tr>\n<tr class=\"row-7\">\n\t<td class=\"column-1\">181-188<\/td><td class=\"column-2\">83-90<\/td><td class=\"column-3\">Burgundische<\/td><td class=\"column-4\">XL<\/td><td class=\"column-5\">38<\/td>\n<\/tr>\n<tr class=\"row-8\">\n\t<td class=\"column-1\">189+<\/td><td class=\"column-2\">77-85<\/td><td class=\"column-3\">Normal<\/td><td class=\"column-4\">L<\/td><td class=\"column-5\">40<\/td>\n<\/tr>\n<tr class=\"row-9\">\n\t<td class=\"column-1\">189+<\/td><td class=\"column-2\">86-94<\/td><td class=\"column-3\">Burgundische<\/td><td class=\"column-4\">XL<\/td><td class=\"column-5\">40<\/td>\n<\/tr>\n<\/tbody>\n<\/table>\n<!-- #tablepress-2 from cache -->\n\t\t<\/div>\n\t\t<\/div><\/div><\/div><\/div><div class=\"vc_row wpb_row vc_row-fluid\"><div class=\"wpb_column vc_column_container vc_col-sm-12\"><div class=\"vc_column-inner\"><div class=\"wpb_wrapper\"><section class=\"vc_cta3-container\"><div class=\"vc_general vc_do_cta3 vc_cta3 vc_cta3-style-classic vc_cta3-shape-rounded vc_cta3-align-left vc_cta3-color-classic vc_cta3-icon-size-md vc_cta3-actions-bottom\"><div class=\"vc_cta3_content-container\"><div class=\"vc_cta3-content\"><header class=\"vc_cta3-content-header\"><h2>Aufrecht. Selbstbewusst. Mit Stil. In Peakout.<\/h2><\/header><p>Peakout - gemacht f\u00fcr Ihre K\u00f6rpergr\u00f6\u00dfe. Nicht f\u00fcr die breite Masse.<\/p>\n<\/div><div class=\"vc_cta3-actions\"><div class=\"vc_btn3-container vc_btn3-inline vc_do_btn\" ><a class=\"vc_general vc_btn3 vc_btn3-size-md vc_btn3-shape-rounded vc_btn3-style-outline vc_btn3-color-inverse\" href=\"https:\/\/peakout.shop\/de\/shop\/\" title=\"JETZT EINKAUFEN\">JETZT EINKAUFEN<\/a><\/div><\/div><\/div><\/div><\/section><\/div><\/div><\/div><\/div>\n<\/div>","protected":false},"excerpt":{"rendered":"PERFECT FIT Maatadvies MAATHULP Vind de juiste maat Bij Peakout vinden we het belangrijk dat je sportkleding perfect past. Daarom","protected":false},"author":1,"featured_media":0,"parent":0,"menu_order":0,"comment_status":"closed","ping_status":"closed","template":"","meta":{"footnotes":""},"class_list":["post-10831","page","type-page","status-publish","hentry"],"yoast_head":"<!-- This site is optimized with the Yoast SEO plugin v26.7 - https:\/\/yoast.com\/wordpress\/plugins\/seo\/ -->\n<title>Maatadvies: altijd de juiste fit | Peakout<\/title>\n<meta name=\"description\" content=\"Bij Peakout vinden we het belangrijk dat je sportkleding perfect past. Daarom hebben we een handig maatadvies voor je. Check &#039;m nu.\" \/>\n<meta name=\"robots\" content=\"index, follow, max-snippet:-1, max-image-preview:large, max-video-preview:-1\" \/>\n<link rel=\"canonical\" href=\"https:\/\/peakout.shop\/de\/grosenempfehlung\/\" \/>\n<meta property=\"og:locale\" content=\"de_DE\" \/>\n<meta property=\"og:type\" content=\"article\" \/>\n<meta property=\"og:title\" content=\"Maatadvies: altijd de juiste fit | Peakout\" \/>\n<meta property=\"og:description\" content=\"Bij Peakout vinden we het belangrijk dat je sportkleding perfect past. Daarom hebben we een handig maatadvies voor je. Check &#039;m nu.\" \/>\n<meta property=\"og:url\" content=\"https:\/\/peakout.shop\/de\/grosenempfehlung\/\" \/>\n<meta property=\"og:site_name\" content=\"Peakout\" \/>\n<meta property=\"article:publisher\" content=\"https:\/\/www.facebook.com\/peakoutshop\" \/>\n<meta property=\"article:modified_time\" content=\"2026-01-08T08:22:47+00:00\" \/>\n<meta name=\"twitter:card\" content=\"summary_large_image\" \/>\n<meta name=\"twitter:label1\" content=\"Gesch\u00e4tzte Lesezeit\" \/>\n\t<meta name=\"twitter:data1\" content=\"4\u00a0Minuten\" \/>\n<script type=\"application\/ld+json\" class=\"yoast-schema-graph\">{\"@context\":\"https:\/\/schema.org\",\"@graph\":[{\"@type\":\"WebPage\",\"@id\":\"https:\/\/peakout.shop\/maatadvies\/\",\"url\":\"https:\/\/peakout.shop\/maatadvies\/\",\"name\":\"Maatadvies: altijd de juiste fit | Peakout\",\"isPartOf\":{\"@id\":\"https:\/\/peakout.shop\/#website\"},\"datePublished\":\"2025-10-29T15:11:00+00:00\",\"dateModified\":\"2026-01-08T08:22:47+00:00\",\"description\":\"Bij Peakout vinden we het belangrijk dat je sportkleding perfect past. Daarom hebben we een handig maatadvies voor je. Check 'm nu.\",\"breadcrumb\":{\"@id\":\"https:\/\/peakout.shop\/maatadvies\/#breadcrumb\"},\"inLanguage\":\"de\",\"potentialAction\":[{\"@type\":\"ReadAction\",\"target\":[\"https:\/\/peakout.shop\/maatadvies\/\"]}]},{\"@type\":\"BreadcrumbList\",\"@id\":\"https:\/\/peakout.shop\/maatadvies\/#breadcrumb\",\"itemListElement\":[{\"@type\":\"ListItem\",\"position\":1,\"name\":\"Home\",\"item\":\"https:\/\/peakout.shop\/\"},{\"@type\":\"ListItem\",\"position\":2,\"name\":\"Maatadvies\"}]},{\"@type\":\"WebSite\",\"@id\":\"https:\/\/peakout.shop\/#website\",\"url\":\"https:\/\/peakout.shop\/\",\"name\":\"Peakout\",\"description\":\"\",\"publisher\":{\"@id\":\"https:\/\/peakout.shop\/#organization\"},\"potentialAction\":[{\"@type\":\"SearchAction\",\"target\":{\"@type\":\"EntryPoint\",\"urlTemplate\":\"https:\/\/peakout.shop\/?s={search_term_string}\"},\"query-input\":{\"@type\":\"PropertyValueSpecification\",\"valueRequired\":true,\"valueName\":\"search_term_string\"}}],\"inLanguage\":\"de\"},{\"@type\":\"Organization\",\"@id\":\"https:\/\/peakout.shop\/#organization\",\"name\":\"Peakout\",\"url\":\"https:\/\/peakout.shop\/\",\"logo\":{\"@type\":\"ImageObject\",\"inLanguage\":\"de\",\"@id\":\"https:\/\/peakout.shop\/#\/schema\/logo\/image\/\",\"url\":\"https:\/\/peakout.shop\/wp-content\/uploads\/2025\/07\/logo.svg\",\"contentUrl\":\"https:\/\/peakout.shop\/wp-content\/uploads\/2025\/07\/logo.svg\",\"width\":900,\"height\":749,\"caption\":\"Peakout\"},\"image\":{\"@id\":\"https:\/\/peakout.shop\/#\/schema\/logo\/image\/\"},\"sameAs\":[\"https:\/\/www.facebook.com\/peakoutshop\",\"https:\/\/www.instagram.com\/challenge\/?next=httpswww.instagram.compeakout.shop__coig_challenged1\",\"https:\/\/www.tiktok.com\/@peakoutshop\"]}]}<\/script>\n<!-- \/ Yoast SEO plugin. -->","yoast_head_json":{"title":"Gr\u00f6\u00dfenberatung: immer die richtige Passform | Peakout","description":"Wir von Peakout finden es wichtig, dass Ihre Sportbekleidung perfekt sitzt. Deshalb haben wir eine praktische Gr\u00f6\u00dfentabelle f\u00fcr Sie. Sieh ihn dir jetzt an.","robots":{"index":"index","follow":"follow","max-snippet":"max-snippet:-1","max-image-preview":"max-image-preview:large","max-video-preview":"max-video-preview:-1"},"canonical":"https:\/\/peakout.shop\/de\/grosenempfehlung\/","og_locale":"de_DE","og_type":"article","og_title":"Maatadvies: altijd de juiste fit | Peakout","og_description":"Bij Peakout vinden we het belangrijk dat je sportkleding perfect past. Daarom hebben we een handig maatadvies voor je. Check 'm nu.","og_url":"https:\/\/peakout.shop\/de\/grosenempfehlung\/","og_site_name":"Peakout","article_publisher":"https:\/\/www.facebook.com\/peakoutshop","article_modified_time":"2026-01-08T08:22:47+00:00","twitter_card":"summary_large_image","twitter_misc":{"Gesch\u00e4tzte Lesezeit":"4\u00a0Minuten"},"schema":{"@context":"https:\/\/schema.org","@graph":[{"@type":"WebPage","@id":"https:\/\/peakout.shop\/maatadvies\/","url":"https:\/\/peakout.shop\/maatadvies\/","name":"Gr\u00f6\u00dfenberatung: immer die richtige Passform | Peakout","isPartOf":{"@id":"https:\/\/peakout.shop\/#website"},"datePublished":"2025-10-29T15:11:00+00:00","dateModified":"2026-01-08T08:22:47+00:00","description":"Wir von Peakout finden es wichtig, dass Ihre Sportbekleidung perfekt sitzt. Deshalb haben wir eine praktische Gr\u00f6\u00dfentabelle f\u00fcr Sie. Sieh ihn dir jetzt an.","breadcrumb":{"@id":"https:\/\/peakout.shop\/maatadvies\/#breadcrumb"},"inLanguage":"de","potentialAction":[{"@type":"ReadAction","target":["https:\/\/peakout.shop\/maatadvies\/"]}]},{"@type":"BreadcrumbList","@id":"https:\/\/peakout.shop\/maatadvies\/#breadcrumb","itemListElement":[{"@type":"ListItem","position":1,"name":"Home","item":"https:\/\/peakout.shop\/"},{"@type":"ListItem","position":2,"name":"Maatadvies"}]},{"@type":"WebSite","@id":"https:\/\/peakout.shop\/#website","url":"https:\/\/peakout.shop\/","name":"Peakout","description":"","publisher":{"@id":"https:\/\/peakout.shop\/#organization"},"potentialAction":[{"@type":"SearchAction","target":{"@type":"EntryPoint","urlTemplate":"https:\/\/peakout.shop\/?s={search_term_string}"},"query-input":{"@type":"PropertyValueSpecification","valueRequired":true,"valueName":"search_term_string"}}],"inLanguage":"de"},{"@type":"Organization","@id":"https:\/\/peakout.shop\/#organization","name":"Peakout","url":"https:\/\/peakout.shop\/","logo":{"@type":"ImageObject","inLanguage":"de","@id":"https:\/\/peakout.shop\/#\/schema\/logo\/image\/","url":"https:\/\/peakout.shop\/wp-content\/uploads\/2025\/07\/logo.svg","contentUrl":"https:\/\/peakout.shop\/wp-content\/uploads\/2025\/07\/logo.svg","width":900,"height":749,"caption":"Peakout"},"image":{"@id":"https:\/\/peakout.shop\/#\/schema\/logo\/image\/"},"sameAs":["https:\/\/www.facebook.com\/peakoutshop","https:\/\/www.instagram.com\/challenge\/?next=httpswww.instagram.compeakout.shop__coig_challenged1","https:\/\/www.tiktok.com\/@peakoutshop"]}]}},"_links":{"self":[{"href":"https:\/\/peakout.shop\/de\/wp-json\/wp\/v2\/pages\/10831","targetHints":{"allow":["GET"]}}],"collection":[{"href":"https:\/\/peakout.shop\/de\/wp-json\/wp\/v2\/pages"}],"about":[{"href":"https:\/\/peakout.shop\/de\/wp-json\/wp\/v2\/types\/page"}],"author":[{"embeddable":true,"href":"https:\/\/peakout.shop\/de\/wp-json\/wp\/v2\/users\/1"}],"replies":[{"embeddable":true,"href":"https:\/\/peakout.shop\/de\/wp-json\/wp\/v2\/comments?post=10831"}],"version-history":[{"count":16,"href":"https:\/\/peakout.shop\/de\/wp-json\/wp\/v2\/pages\/10831\/revisions"}],"predecessor-version":[{"id":10905,"href":"https:\/\/peakout.shop\/de\/wp-json\/wp\/v2\/pages\/10831\/revisions\/10905"}],"wp:attachment":[{"href":"https:\/\/peakout.shop\/de\/wp-json\/wp\/v2\/media?parent=10831"}],"curies":[{"name":"wp","href":"https:\/\/api.w.org\/{rel}","templated":true}]}}