{"id":10492,"date":"2025-07-21T09:07:15","date_gmt":"2025-07-21T09:07:15","guid":{"rendered":"https:\/\/peakout.shop\/?page_id=10492"},"modified":"2025-10-02T13:45:28","modified_gmt":"2025-10-02T13:45:28","slug":"datenschutzbestimmungen","status":"publish","type":"page","link":"https:\/\/peakout.shop\/de\/privacybeleid\/","title":{"rendered":"Datenschutzbestimmungen"},"content":{"rendered":"<div class=\"wpb-content-wrapper\"><div class=\"vc_row wpb_row vc_row-fluid\"><div class=\"wpb_column vc_column_container vc_col-sm-12 wd-rs-68de81eab2938\"><div class=\"vc_column-inner vc_custom_1759412721762\"><div class=\"wpb_wrapper\">\n\t<div class=\"wpb_text_column wpb_content_element\" >\n\t\t<div class=\"wpb_wrapper\">\n\t\t\t<p>Peakout (im Folgenden auch als \u2018wir\u2019, \u2018uns\u2019, \u2018unser\u2019 oder \u2018unser\u2019 bezeichnet) verpflichtet sich, Ihre Privatsph\u00e4re zu sch\u00fctzen. Sowohl in unserem Gesch\u00e4ft als auch auf unserer Website.<\/p>\n<p>Peakout verarbeitet personenbezogene Daten und ist an die in der Allgemeinen Datenschutzverordnung (AVG) festgelegten Datenschutzbestimmungen gebunden. Personenbezogene Daten, die wir \u00fcber unseren Dienst erhalten, werden in \u00dcbereinstimmung mit diesen geltenden Datenschutzbestimmungen verarbeitet und nur in der in dieser Erkl\u00e4rung beschriebenen Weise verwendet.<\/p>\n<p>Wenn Sie eine betroffene Person sind (z. B. ein Kunde), sollten Sie diesen Datenschutzhinweis sorgf\u00e4ltig lesen.<\/p>\n<p>&nbsp;<\/p>\n<h1 class=\"wp-block-heading\">1.      Wer ist Peakout und warum hat Peakout diesen Datenschutzhinweis? Peakout<\/h1>\n<p>Anschrift:                         Segment 3, Mailboxnummer D8081, 6921 RC Duiven<\/p>\n<p>Nummer der Handelskammer: 95318844<\/p>\n<p>E-Mail:\u00a0\u00a0\u00a0\u00a0\u00a0\u00a0\u00a0\u00a0\u00a0\u00a0\u00a0\u00a0\u00a0\u00a0\u00a0\u00a0\u00a0\u00a0\u00a0\u00a0\u00a0\u00a0 <a href=\"mailto:privacy@peakout.shop\">privacy@peakout.shop<\/a><\/p>\n<p>In dieser Datenschutzerkl\u00e4rung erl\u00e4utern wir so klar wie m\u00f6glich, welche personenbezogenen Daten wir verarbeiten, zu welchem Zweck und auf welcher Rechtsgrundlage. Damit setzt Peakout die im AVG festgelegte Informationspflicht gegen\u00fcber der\/den betroffenen Person(en) um, deren personenbezogene Daten Peakout verarbeitet.<\/p>\n<p>&nbsp;<\/p>\n<h1 class=\"wp-block-heading\">2.      Was sind personenbezogene Daten und was ist Verarbeitung?<\/h1>\n<p>Personenbezogene Daten sind alle Daten, mit denen eine nat\u00fcrliche Person (die \u2018betroffene Person\u2019) identifiziert werden kann. Die Verarbeitung personenbezogener Daten ist die Durchf\u00fchrung von Handlungen mit den personenbezogenen Daten einer betroffenen Person, wie das Empfangen, Speichern, \u00c4ndern, \u00dcbermitteln und L\u00f6schen dieser personenbezogenen Daten. Wir verarbeiten Ihre personenbezogenen Daten, wenn Sie oder der Verk\u00e4ufer der von Ihnen erworbenen Produkte\/Dienstleistungen unsere Dienste nutzen.<\/p>\n<p>&nbsp;<\/p>\n<h1 class=\"wp-block-heading\">3.      Welche personenbezogenen Daten verarbeiten wir?<\/h1>\n<p>Die personenbezogenen Daten, die wir von Ihnen verarbeiten k\u00f6nnen, sind:<\/p>\n<p>&nbsp;<\/p>\n<ul class=\"wp-block-list\">\n<li style=\"list-style-type: none;\">\n<ul class=\"wp-block-list\">\n<li>grundlegende Informationen wie Ihren Vor- und Nachnamen;\n<ul>\n<li>Kontaktdaten wie Ihre Adresse, (Mobil-)Telefonnummer und E-Mail-Adresse;<\/li>\n<\/ul>\n<ul class=\"wp-block-list\">\n<li style=\"list-style-type: none;\">\n<ul class=\"wp-block-list\">\n<li>Zahlungsdaten, wie z. B. Ihre Kontonummer;<\/li>\n<\/ul>\n<\/li>\n<\/ul>\n<\/li>\n<\/ul>\n<\/li>\n<\/ul>\n<p>&nbsp;<\/p>\n<ul class=\"wp-block-list\">\n<li style=\"list-style-type: none;\">\n<ul class=\"wp-block-list\">\n<li>technische Daten, wie z. B. Ihre IP-Adresse, das Ger\u00e4t, mit dem Sie unsere Website besuchen, und die von Ihnen aufgerufenen Seiten;<\/li>\n<\/ul>\n<\/li>\n<\/ul>\n<p>Wir bem\u00fchen uns, nicht mehr personenbezogene Daten zu sammeln, als wir ben\u00f6tigen.<\/p>\n<p>&nbsp;<\/p>\n<h1 class=\"wp-block-heading\">4.      Wie kommen wir an Ihre personenbezogenen Daten?<\/h1>\n<p>In fast allen F\u00e4llen werden wir Ihre pers\u00f6nlichen Daten von Ihnen erhalten, zum Beispiel wenn Sie:<\/p>\n<p>&nbsp;<\/p>\n<ul class=\"wp-block-list\">\n<li style=\"list-style-type: none;\">\n<ul class=\"wp-block-list\">\n<li>besuchen Sie unsere Website (www.peakout, im Folgenden \u201cWebsite\u201d);<\/li>\n<li>eine Bestellung \u00fcber unsere Website aufgibt;<\/li>\n<li>ein Formular auf unserer Website ausf\u00fcllen, z. B. um ein Konto zu erstellen oder um unseren Newsletter zu abonnieren;<\/li>\n<li>sich an uns wenden;<\/li>\n<li>Ihnen bei (telefonischen) Gespr\u00e4chen, E-Mail-Kontakt mit uns, Beitr\u00e4gen in sozialen Medien oder bei der Teilnahme an Umfragen pers\u00f6nliche Daten mitteilt;<\/li>\n<li>sind ein Vertreter unserer Gesch\u00e4ftsbeziehung(en) und\/oder (potenziellen) Kunden;<\/li>\n<li>ein (ehemaliger) Arbeitnehmer sind;<\/li>\n<\/ul>\n<\/li>\n<\/ul>\n<p>&nbsp;<\/p>\n<h1 class=\"wp-block-heading\">5.      Zu welchem Zweck (und auf welcher Grundlage) verarbeiten wir Ihre personenbezogenen Daten?<\/h1>\n<p>Die Verarbeitung personenbezogener Daten ist notwendig, um unseren Kunden unseren Service anzubieten und ihnen dabei die bestm\u00f6gliche Erfahrung zu bieten. Wir d\u00fcrfen Ihre personenbezogenen Daten nur verarbeiten, wenn es daf\u00fcr eine \u2018Rechtsgrundlage\u2019 gibt. F\u00fcr jeden Zweck (der Verarbeitung) wird im Folgenden auch die Grundlage (aus Art. 6 AVG) beschrieben, auf die er sich st\u00fctzt. Wir verarbeiten Ihre personenbezogenen Daten zu den unten angef\u00fchrten Zwecken:<\/p>\n<p>&nbsp;<\/p>\n<ul class=\"wp-block-list\">\n<li style=\"list-style-type: none;\">\n<ul class=\"wp-block-list\">\n<li>F\u00fcr die Bearbeitung Ihrer Bestellung<\/li>\n<\/ul>\n<\/li>\n<\/ul>\n<p>Um sicherzustellen, dass unsere Produkte an die richtige Adresse und an den richtigen Empf\u00e4nger geliefert werden, ist es erforderlich, dass Sie Peakout Ihre pers\u00f6nlichen Daten zur Verf\u00fcgung stellen. Wir verarbeiten diese personenbezogenen Daten dann f\u00fcr die folgenden Zwecke:<\/p>\n<p>&nbsp;<\/p>\n<ul class=\"wp-block-list\">\n<li style=\"list-style-type: none;\">\n<ul class=\"wp-block-list\">\n<li>um Ihre Bestellung zu bearbeiten und zuzustellen (zu lassen);<\/li>\n<li>um die Bezahlung Ihrer Bestellung zu verwalten;<\/li>\n<li>um Sie \u00fcber den Status Ihrer Bestellung auf dem Laufenden zu halten;<\/li>\n<li>um die R\u00fccksendungen zu erledigen.<\/li>\n<\/ul>\n<\/li>\n<\/ul>\n<p>Die Grundlage daf\u00fcr ist die Erf\u00fcllung des Vertrags, den Sie mit Peakout geschlossen haben.<\/p>\n<p>&nbsp;<\/p>\n<ul class=\"wp-block-list\">\n<li style=\"list-style-type: none;\">\n<ul class=\"wp-block-list\">\n<li>F\u00fcr den Versand unseres Newsletters und\/oder anderer kommerzieller Nachrichten und die Einrichtung eines Kundenkontos<\/li>\n<\/ul>\n<\/li>\n<\/ul>\n<p>Peakout kann Ihre pers\u00f6nlichen Daten (nur Ihre E-Mail-Adresse) auch f\u00fcr Direktmarketing- und Kommunikationszwecke verwenden. Zum Beispiel, um Ihnen Nachrichten \u00fcber Angebote von Peakout oder seinen Partnern zu senden, die f\u00fcr Sie relevant sind.<\/p>\n<p>Die Verarbeitung erfolgt in diesem Fall auf der Grundlage eines berechtigten Interesses. Falls Sie kein Kunde sind, aber auf der Website angegeben haben, dass Sie unseren Newsletter\/Marketing erhalten m\u00f6chten, ist die Grundlage die von Ihnen erteilte Einwilligung zum Erhalt des Newsletters. Diese Einwilligung kann jederzeit widerrufen werden.<\/p>\n<p>&nbsp;<\/p>\n<ul class=\"wp-block-list\">\n<li style=\"list-style-type: none;\">\n<ul class=\"wp-block-list\">\n<li>Zur Verbesserung und Analyse unserer Website<\/li>\n<\/ul>\n<\/li>\n<\/ul>\n<p>Einige personenbezogene Daten (die durch Cookies gewonnen werden) werden von Peakout verarbeitet, um die Website zu \u00fcberwachen und zu verbessern, Statistiken zu sammeln und die Website zu sichern. Diese Verarbeitungen erfolgen auf der Grundlage eines berechtigten Interesses, damit die Website gut funktioniert und weiter verbessert werden kann. Wenn es sich um Tracking-Cookies handelt, wird die vorherige Zustimmung \u00fcber das Cookie-Banner eingeholt. In diesem Fall erfolgt die Verarbeitung auf der Grundlage einer informierten Zustimmung. Peakout verwendet zu diesem Zweck Google Analytics, wobei die IP-Anonymisierung aktiviert ist.<\/p>\n<p>Dar\u00fcber hinaus k\u00f6nnen wir Cookies f\u00fcr funktionale Zwecke und Marketing-Cookies verwenden (wenn der Nutzer \u00fcber ein Cookie-Banner seine Zustimmung erteilt).<\/p>\n<p>Ein Cookie ist eine kleine Textdatei, die auf der Festplatte Ihres Computers gespeichert wird, wenn Sie die Website besuchen. Sie erm\u00f6glicht es uns, Daten wie Ihre IP-Adresse und Ihr Surfverhalten zu erfassen.<\/p>\n<p>&nbsp;<\/p>\n<h1 class=\"wp-block-heading\">6.      Mit wem teilen wir personenbezogene Daten?<\/h1>\n<p>Wir werden Ihre personenbezogenen Daten nicht ohne Ihre vorherige Zustimmung zu kommerziellen Zwecken an Dritte weitergeben. Es kann jedoch sein, dass wir Ihre personenbezogenen Daten aus anderen Gr\u00fcnden an Dritte weitergeben m\u00fcssen. Dies kann in F\u00e4llen wie den unten aufgef\u00fchrten der Fall sein:<\/p>\n<p>&nbsp;<\/p>\n<ul class=\"wp-block-list\">\n<li style=\"list-style-type: none;\">\n<ul class=\"wp-block-list\">\n<li>f\u00fcr die Abwicklung von Zahlungen, u. a. mit Mollie und\/oder PayPal;\n<ul class=\"wp-block-list\">\n<li style=\"list-style-type: none;\">\n<ul class=\"wp-block-list\">\n<li>f\u00fcr die Bearbeitung von Postsendungen, u. a. mit PostNL und\/oder DHL;<\/li>\n<\/ul>\n<\/li>\n<\/ul>\n<\/li>\n<\/ul>\n<\/li>\n<\/ul>\n<p>&nbsp;<\/p>\n<ul class=\"wp-block-list\">\n<li style=\"list-style-type: none;\">\n<ul class=\"wp-block-list\">\n<li>zur Verwaltung unseres Newsletters, zum Beispiel mit ChimpMail;\n<ul class=\"wp-block-list\">\n<li style=\"list-style-type: none;\">\n<ul class=\"wp-block-list\">\n<li>f\u00fcr die Nutzung von Internetdiensten, z. B. bei IT-Dienstleistern wie Website- und E-Mail-Hosting (z. B. Shopify und Google).<\/li>\n<\/ul>\n<\/li>\n<\/ul>\n<\/li>\n<\/ul>\n<\/li>\n<\/ul>\n<p>In den oben genannten F\u00e4llen sind diese Dritten Auftragsverarbeiter und wir stellen ihnen nur die Daten zur Verf\u00fcgung, die sie f\u00fcr die Erbringung der Dienstleistung ben\u00f6tigen. Sie d\u00fcrfen Ihre personenbezogenen Daten daher nicht f\u00fcr andere Zwecke verwenden.<\/p>\n<p>Dritte, denen wir Ihre personenbezogenen Daten zur Verf\u00fcgung stellen, sind ebenfalls f\u00fcr die Verarbeitung dieser Daten und die Einhaltung des AVG verantwortlich. Wie diese Dritten mit personenbezogenen Daten umgehen, entnehmen Sie bitte deren Datenschutzerkl\u00e4rungen.<\/p>\n<p>&nbsp;<\/p>\n<h1 class=\"wp-block-heading\">7.      Wie lange bewahren wir personenbezogene Daten auf?<\/h1>\n<p>Wir bewahren Ihre personenbezogenen Daten (mit Ausnahme der E-Mail-Adresse) nicht l\u00e4nger als n\u00f6tig auf.<\/p>\n<p>Besteht eine gesetzliche Aufbewahrungspflicht (z. B. f\u00fcr Aufzeichnungen von 7 Jahren), werden wir diese Fristen einhalten. In diesem Fall werden die personenbezogenen Daten nach Ablauf der Aufbewahrungspflicht ordnungsgem\u00e4\u00df vernichtet, es sei denn, wir sind aufgrund einer spezifischen Rechtsgrundlage ohnehin verpflichtet, Ihre Daten l\u00e4nger aufzubewahren.<\/p>\n<p>&nbsp;<\/p>\n<h1 class=\"wp-block-heading\">8.      Wie werden personenbezogene Daten gesichert?<\/h1>\n<p>Peakout hat angemessene organisatorische und technische Ma\u00dfnahmen ergriffen, um Missbrauch, Verlust, unbefugtem Zugriff, unerw\u00fcnschter Offenlegung und unbefugter \u00c4nderung Ihrer pers\u00f6nlichen Daten entgegenzuwirken.<\/p>\n<p>Diese Ma\u00dfnahmen umfassen (aber nicht nur)<\/p>\n<p>&nbsp;<\/p>\n<ul class=\"wp-block-list\">\n<li style=\"list-style-type: none;\">\n<ul class=\"wp-block-list\">\n<li>sichere Netzwerkverbindungen (SSL);<\/li>\n<li>Speicherung von personenbezogenen Daten in einer sicheren digitalen Cloud-Umgebung;<\/li>\n<li>Der Zugang zu personenbezogenen Daten ist durch Passw\u00f6rter (m\u00f6glichst mit 2-Faktor-Authentifizierung) und auf bestimmte befugte Personen beschr\u00e4nkt;<\/li>\n<li>aktuelle Backups;<\/li>\n<li>Firewalls;<\/li>\n<li>Virenscanner;<\/li>\n<li>Software-Aktualisierungen;<\/li>\n<li>Vertraulichkeitserkl\u00e4rungen.<\/li>\n<\/ul>\n<\/li>\n<\/ul>\n<p>Haben Sie Fragen zur Sicherheit Ihrer pers\u00f6nlichen Daten und\/oder gibt es Hinweise auf einen Missbrauch Ihrer pers\u00f6nlichen Daten? Bitte kontaktieren Sie uns \u00fcber <a href=\"mailto:privacy@peakout.shop\">privacy@peakout.shop.<\/a><\/p>\n<p>&nbsp;<\/p>\n<h1 class=\"wp-block-heading\">9.      Gilt diese Datenschutzerkl\u00e4rung auch f\u00fcr verlinkte Websites?<\/h1>\n<p>Diese Datenschutzerkl\u00e4rung gilt nicht f\u00fcr Websites Dritter, die mit unserer Website verlinkt sind. Wir k\u00f6nnen nicht garantieren, dass diese Websites Ihre pers\u00f6nlichen Daten zuverl\u00e4ssig oder sicher behandeln. Lesen Sie immer die Datenschutzerkl\u00e4rung der jeweiligen Website, bevor Sie diese Website nutzen, um weitere Informationen dar\u00fcber zu erhalten, wie sie Ihre Daten behandeln.<\/p>\n<p>&nbsp;<\/p>\n<h1 class=\"wp-block-heading\">10.    Was sind Ihre Rechte?<\/h1>\n<p>Sie haben folgende Rechte zum Schutz der Privatsph\u00e4re:<\/p>\n<p>&nbsp;<\/p>\n<ul class=\"wp-block-list\">\n<li style=\"list-style-type: none;\">\n<ul class=\"wp-block-list\">\n<li>das Recht, Ihre pers\u00f6nlichen Daten einzusehen;<\/li>\n<li>das Recht, Ihre personenbezogenen Daten zu \u00e4ndern;<\/li>\n<li>das Recht, die L\u00f6schung Ihrer personenbezogenen Daten zu verlangen;<\/li>\n<li>das Recht, einen Datenexport Ihrer personenbezogenen Daten zu beantragen;<\/li>\n<li>das Recht, die Berichtigung oder Vervollst\u00e4ndigung Ihrer personenbezogenen Daten zu verlangen (begr\u00fcndet);<\/li>\n<li>Das Recht, der Verarbeitung Ihrer personenbezogenen Daten zu widersprechen (mit Begr\u00fcndung).<\/li>\n<\/ul>\n<\/li>\n<\/ul>\n<p>Ein Antrag kann per E-Mail gestellt werden an <a href=\"mailto:privacy@peakout.shop\">privacy@peakout.shop<\/a> oder \u00fcber Ihr Konto auf der Website. Sie m\u00fcssen in Ihrem Antrag angeben, aus welchen Gr\u00fcnden Sie den Antrag stellen. Wir werden Ihren Antrag dann innerhalb von vier Wochen bearbeiten.<\/p>\n<p>Bevor wir Ihrem Antrag nachkommen k\u00f6nnen, m\u00fcssen wir Ihre Identit\u00e4t \u00fcberpr\u00fcfen. Schlie\u00dflich wollen wir vermeiden, dass jemand Zugang zu den personenbezogenen Daten einer anderen Person erh\u00e4lt. Dazu verwenden wir die so genannte Zwei-Faktor-Authentifizierung, die auf den personenbezogenen Daten beruht, die wir m\u00f6glicherweise noch \u00fcber Sie haben. Beispiele hierf\u00fcr sind die Best\u00e4tigung Ihrer Anfrage per SMS \u00fcber die uns bekannte Telefonnummer oder die Beantwortung bestimmter Verifizierungsfragen durch Sie.<\/p>\n<p>Sie haben auch das Recht, Fragen\/Beschwerden an die Aufsichtsbeh\u00f6rde (die Beh\u00f6rde f\u00fcr personenbezogene Daten) zu richten.<\/p>\n<p>&nbsp;<\/p>\n<h1 class=\"wp-block-heading\">11.      Wie k\u00f6nnen Sie uns kontaktieren?<\/h1>\n<p>Wenn Sie mehr wissen m\u00f6chten oder Beschwerden \u00fcber die Verarbeitung Ihrer pers\u00f6nlichen Daten haben, k\u00f6nnen Sie sich (schriftlich) an uns wenden: <a href=\"mailto:privacy@peakout.nl\">privacy@peakout.shop.<\/a> Unsere weiteren Kontaktdaten sind:<\/p>\n<p>&nbsp;<\/p>\n<h1 class=\"wp-block-heading\">Peakout<\/h1>\n<p>Segment 3 Mailboxnummer D8081 6921 RC Duiven<\/p>\n<p>Da wir diese Erkl\u00e4rung von Zeit zu Zeit \u00e4ndern k\u00f6nnen, empfehlen wir Ihnen, diese Seite regelm\u00e4\u00dfig zu besuchen, damit Sie \u00fcber alle \u00c4nderungen informiert sind.<\/p>\n<p>Diese Datenschutzerkl\u00e4rung wurde zuletzt am 1. Juli 2025 ge\u00e4ndert.<\/p>\n\n\t\t<\/div>\n\t<\/div>\n<\/div><\/div><\/div><\/div><\/div>","protected":false},"excerpt":{"rendered":"Peakout (hierna ook aangeduid met \u2018wij\u2019, \u2018we\u2019, \u2018ons\u2019 of \u2018onze\u2019) hecht belang aan de bescherming van jouw privacy. Zowel in","protected":false},"author":1,"featured_media":0,"parent":0,"menu_order":0,"comment_status":"closed","ping_status":"closed","template":"","meta":{"footnotes":""},"class_list":["post-10492","page","type-page","status-publish","hentry"],"yoast_head":"<!-- This site is optimized with the Yoast SEO plugin v26.7 - https:\/\/yoast.com\/wordpress\/plugins\/seo\/ -->\n<title>Privacybeleid - Peakout<\/title>\n<meta name=\"robots\" content=\"noindex, nofollow\" \/>\n<meta property=\"og:locale\" content=\"de_DE\" \/>\n<meta property=\"og:type\" content=\"article\" \/>\n<meta property=\"og:title\" content=\"Privacybeleid - Peakout\" \/>\n<meta property=\"og:url\" content=\"https:\/\/peakout.shop\/de\/datenschutzbestimmungen\/\" \/>\n<meta property=\"og:site_name\" content=\"Peakout\" \/>\n<meta property=\"article:publisher\" content=\"https:\/\/www.facebook.com\/peakoutshop\" \/>\n<meta property=\"article:modified_time\" content=\"2025-10-02T13:45:28+00:00\" \/>\n<meta name=\"twitter:card\" content=\"summary_large_image\" \/>\n<meta name=\"twitter:label1\" content=\"Gesch\u00e4tzte Lesezeit\" \/>\n\t<meta name=\"twitter:data1\" content=\"8\u00a0Minuten\" \/>\n<script type=\"application\/ld+json\" class=\"yoast-schema-graph\">{\"@context\":\"https:\/\/schema.org\",\"@graph\":[{\"@type\":\"WebPage\",\"@id\":\"https:\/\/peakout.shop\/privacybeleid\/\",\"url\":\"https:\/\/peakout.shop\/privacybeleid\/\",\"name\":\"Privacybeleid - Peakout\",\"isPartOf\":{\"@id\":\"https:\/\/peakout.shop\/#website\"},\"datePublished\":\"2025-07-21T09:07:15+00:00\",\"dateModified\":\"2025-10-02T13:45:28+00:00\",\"breadcrumb\":{\"@id\":\"https:\/\/peakout.shop\/privacybeleid\/#breadcrumb\"},\"inLanguage\":\"de\",\"potentialAction\":[{\"@type\":\"ReadAction\",\"target\":[\"https:\/\/peakout.shop\/privacybeleid\/\"]}]},{\"@type\":\"BreadcrumbList\",\"@id\":\"https:\/\/peakout.shop\/privacybeleid\/#breadcrumb\",\"itemListElement\":[{\"@type\":\"ListItem\",\"position\":1,\"name\":\"Home\",\"item\":\"https:\/\/peakout.shop\/\"},{\"@type\":\"ListItem\",\"position\":2,\"name\":\"Privacybeleid\"}]},{\"@type\":\"WebSite\",\"@id\":\"https:\/\/peakout.shop\/#website\",\"url\":\"https:\/\/peakout.shop\/\",\"name\":\"Peakout\",\"description\":\"\",\"publisher\":{\"@id\":\"https:\/\/peakout.shop\/#organization\"},\"potentialAction\":[{\"@type\":\"SearchAction\",\"target\":{\"@type\":\"EntryPoint\",\"urlTemplate\":\"https:\/\/peakout.shop\/?s={search_term_string}\"},\"query-input\":{\"@type\":\"PropertyValueSpecification\",\"valueRequired\":true,\"valueName\":\"search_term_string\"}}],\"inLanguage\":\"de\"},{\"@type\":\"Organization\",\"@id\":\"https:\/\/peakout.shop\/#organization\",\"name\":\"Peakout\",\"url\":\"https:\/\/peakout.shop\/\",\"logo\":{\"@type\":\"ImageObject\",\"inLanguage\":\"de\",\"@id\":\"https:\/\/peakout.shop\/#\/schema\/logo\/image\/\",\"url\":\"https:\/\/peakout.shop\/wp-content\/uploads\/2025\/07\/logo.svg\",\"contentUrl\":\"https:\/\/peakout.shop\/wp-content\/uploads\/2025\/07\/logo.svg\",\"width\":900,\"height\":749,\"caption\":\"Peakout\"},\"image\":{\"@id\":\"https:\/\/peakout.shop\/#\/schema\/logo\/image\/\"},\"sameAs\":[\"https:\/\/www.facebook.com\/peakoutshop\",\"https:\/\/www.instagram.com\/challenge\/?next=httpswww.instagram.compeakout.shop__coig_challenged1\",\"https:\/\/www.tiktok.com\/@peakoutshop\"]}]}<\/script>\n<!-- \/ Yoast SEO plugin. -->","yoast_head_json":{"title":"Datenschutzrichtlinie - Peakout","robots":{"index":"noindex","follow":"nofollow"},"og_locale":"de_DE","og_type":"article","og_title":"Privacybeleid - Peakout","og_url":"https:\/\/peakout.shop\/de\/datenschutzbestimmungen\/","og_site_name":"Peakout","article_publisher":"https:\/\/www.facebook.com\/peakoutshop","article_modified_time":"2025-10-02T13:45:28+00:00","twitter_card":"summary_large_image","twitter_misc":{"Gesch\u00e4tzte Lesezeit":"8\u00a0Minuten"},"schema":{"@context":"https:\/\/schema.org","@graph":[{"@type":"WebPage","@id":"https:\/\/peakout.shop\/privacybeleid\/","url":"https:\/\/peakout.shop\/privacybeleid\/","name":"Datenschutzrichtlinie - Peakout","isPartOf":{"@id":"https:\/\/peakout.shop\/#website"},"datePublished":"2025-07-21T09:07:15+00:00","dateModified":"2025-10-02T13:45:28+00:00","breadcrumb":{"@id":"https:\/\/peakout.shop\/privacybeleid\/#breadcrumb"},"inLanguage":"de","potentialAction":[{"@type":"ReadAction","target":["https:\/\/peakout.shop\/privacybeleid\/"]}]},{"@type":"BreadcrumbList","@id":"https:\/\/peakout.shop\/privacybeleid\/#breadcrumb","itemListElement":[{"@type":"ListItem","position":1,"name":"Home","item":"https:\/\/peakout.shop\/"},{"@type":"ListItem","position":2,"name":"Privacybeleid"}]},{"@type":"WebSite","@id":"https:\/\/peakout.shop\/#website","url":"https:\/\/peakout.shop\/","name":"Peakout","description":"","publisher":{"@id":"https:\/\/peakout.shop\/#organization"},"potentialAction":[{"@type":"SearchAction","target":{"@type":"EntryPoint","urlTemplate":"https:\/\/peakout.shop\/?s={search_term_string}"},"query-input":{"@type":"PropertyValueSpecification","valueRequired":true,"valueName":"search_term_string"}}],"inLanguage":"de"},{"@type":"Organization","@id":"https:\/\/peakout.shop\/#organization","name":"Peakout","url":"https:\/\/peakout.shop\/","logo":{"@type":"ImageObject","inLanguage":"de","@id":"https:\/\/peakout.shop\/#\/schema\/logo\/image\/","url":"https:\/\/peakout.shop\/wp-content\/uploads\/2025\/07\/logo.svg","contentUrl":"https:\/\/peakout.shop\/wp-content\/uploads\/2025\/07\/logo.svg","width":900,"height":749,"caption":"Peakout"},"image":{"@id":"https:\/\/peakout.shop\/#\/schema\/logo\/image\/"},"sameAs":["https:\/\/www.facebook.com\/peakoutshop","https:\/\/www.instagram.com\/challenge\/?next=httpswww.instagram.compeakout.shop__coig_challenged1","https:\/\/www.tiktok.com\/@peakoutshop"]}]}},"_links":{"self":[{"href":"https:\/\/peakout.shop\/de\/wp-json\/wp\/v2\/pages\/10492","targetHints":{"allow":["GET"]}}],"collection":[{"href":"https:\/\/peakout.shop\/de\/wp-json\/wp\/v2\/pages"}],"about":[{"href":"https:\/\/peakout.shop\/de\/wp-json\/wp\/v2\/types\/page"}],"author":[{"embeddable":true,"href":"https:\/\/peakout.shop\/de\/wp-json\/wp\/v2\/users\/1"}],"replies":[{"embeddable":true,"href":"https:\/\/peakout.shop\/de\/wp-json\/wp\/v2\/comments?post=10492"}],"version-history":[{"count":5,"href":"https:\/\/peakout.shop\/de\/wp-json\/wp\/v2\/pages\/10492\/revisions"}],"predecessor-version":[{"id":10669,"href":"https:\/\/peakout.shop\/de\/wp-json\/wp\/v2\/pages\/10492\/revisions\/10669"}],"wp:attachment":[{"href":"https:\/\/peakout.shop\/de\/wp-json\/wp\/v2\/media?parent=10492"}],"curies":[{"name":"wp","href":"https:\/\/api.w.org\/{rel}","templated":true}]}}