{"id":10172,"date":"2025-07-15T18:20:51","date_gmt":"2025-07-15T18:20:51","guid":{"rendered":"https:\/\/peakout.shop\/?page_id=10172"},"modified":"2025-10-29T14:51:52","modified_gmt":"2025-10-29T14:51:52","slug":"die-geschichte-von-nadine","status":"publish","type":"page","link":"https:\/\/peakout.shop\/de\/het-verhaal-van-nadine\/","title":{"rendered":"Nadine's Geschichte"},"content":{"rendered":"<div class=\"wpb-content-wrapper\"><div style=\"min-height: 300px\" class=\"vc_row wpb_row vc_row-fluid vc_custom_1761749504555 vc_row-has-fill wd-bg-center-top wd-rs-690229ea89bc7\"><div class=\"wpb_column vc_column_container vc_col-sm-12 vc_col-has-fill wd-rs-6878d39f13f8d\"><div class=\"vc_column-inner vc_custom_1752748965391\"><div class=\"wpb_wrapper\"><div class=\"vc_empty_space hidden-md hidden-sm hidden-xs\"   style=\"height: 300px\"><span class=\"vc_empty_space_inner\"><\/span><\/div>\n\t\t<div id=\"wd-68ffca97ebcd4\" class=\"title-wrapper wd-wpb wd-set-mb reset-last-child  wd-rs-68ffca97ebcd4 wd-title-color-white wd-title-style-default text-left vc_custom_1761594022066 wd-underline-colored\">\n\t\t\t\t\t\t\t\n\t\t\t\t<div class=\"title-subtitle  subtitle-color-white font-default subtitle-style-default wd-font-weight-500 wd-fontsize-xs\">Gr\u00fcnderin von Peakout<\/div>\n\t\t\t\n\t\t\t<div class=\"liner-continer\">\n\t\t\t\t<h1 class=\"woodmart-title-container title  wd-font-weight- wd-fontsize-xxl\" >Die Geschichte von Nadine.<\/h1>\n\t\t\t\t\t\t\t<\/div>\n\t\t\t\n\t\t\t\t\t\t\t<div class=\"title-after_title reset-last-child  wd-fontsize-s\">Wenn es niemand macht...., dann machen Sie es selbst.<\/div>\n\t\t\t\n\t\t\t\n\t\t<\/div>\n\t\t\n\t\t<\/div><\/div><\/div><\/div><div class=\"vc_row wpb_row vc_row-fluid vc_custom_1752750079479 vc_row-o-content-middle vc_row-flex row-reverse-mobile row-reverse-tablet wd-rs-6878d7f8cf317\"><div class=\"wpb_column vc_column_container vc_col-sm-12 vc_col-lg-6 vc_col-md-6 wd-rs-6125f30edad72\"><div class=\"vc_column-inner vc_custom_1629877010833\"><div class=\"wpb_wrapper\">\n\t<div class=\"wpb_video_widget wpb_content_element vc_clearfix vc_video-aspect-ratio-169 vc_video-el-width-100 vc_video-align-left wd-rs-68ff3efbf0c40\" >\n\t\t<div class=\"wpb_wrapper\">\n\t\t\t\n\t\t\t<div class=\"wpb_video_wrapper\"><iframe loading=\"lazy\" title=\"Die Geschichte von Peakout\" src=\"https:\/\/player.vimeo.com\/video\/1130838237?dnt=1&amp;app_id=122963\" width=\"500\" height=\"281\" frameborder=\"0\" allow=\"autoplay; fullscreen; picture-in-picture; clipboard-write; encrypted-media; web-share\" referrerpolicy=\"strict-origin-when-cross-origin\"><\/iframe><\/div>\n\t\t<\/div>\n\t<\/div>\n<\/div><\/div><\/div><div class=\"wpb_column vc_column_container vc_col-sm-12 vc_col-lg-offset-1 vc_col-lg-5 vc_col-md-6 vc_col-xs-12 wd-rs-6125f320eb687\"><div class=\"vc_column-inner vc_custom_1629877027060\"><div class=\"wpb_wrapper\">\n\t\t<div id=\"wd-6878e4b448014\" class=\"title-wrapper wd-wpb wd-set-mb reset-last-child  wd-rs-6878e4b448014 wd-title-color-primary wd-title-style-default text-left vc_custom_1752753373062 wd-underline-colored\">\n\t\t\t\t\t\t\t\n\t\t\t\t<div class=\"title-subtitle  subtitle-color-primary font-default subtitle-style-default wd-font-weight-600 wd-fontsize-xs\">DER URSPRUNG DES PEAKOUT<\/div>\n\t\t\t\n\t\t\t<div class=\"liner-continer\">\n\t\t\t\t<h4 class=\"woodmart-title-container title  wd-font-weight- wd-fontsize-xxl\" >Wenn es dann immer noch nicht da ist, werde ich es selbst machen.<\/h4>\n\t\t\t\t\t\t\t<\/div>\n\t\t\t\n\t\t\t\t\t\t\t<div class=\"title-after_title reset-last-child  wd-fontsize-s\">Die Idee f\u00fcr Peakout begann nicht mit einem Gesch\u00e4ftsplan oder einem Investor. Sie begann mit einer Frustration. Einem einfachen, immer wiederkehrenden \u00c4rgernis, das jeder gro\u00dfe Mann oder jede gro\u00dfe Frau kennt: Sportkleidung, die einfach nicht passt. \u00c4rmel, die zu kurz sind. Zu kurze Beine. Kaum eine Auswahl. Und dann kommt man wieder nach Hause, ohne etwas, das wirklich passt.<\/p>\n<p>F\u00fcr Nadine war der letzte Strohhalm ein Nachmittag in Den Haag, an dem sie mit ihrem Mann, der zwei Meter gro\u00df ist, einkaufen war. Wieder keine Hose gefunden. Wieder Zugest\u00e4ndnisse. Das Gef\u00fchl: \u201cWarum gibt es immer noch nichts f\u00fcr Menschen wie uns?\u201d<\/p>\n<p>Als Nadine ihre Frustration mit anderen gro\u00dfen Menschen teilte, f\u00fcgten sich die Teile des Puzzles zusammen. Es ist ein sehr erkennbares Problem f\u00fcr alle gro\u00dfen Menschen. Nicht pauschal, sondern im Detail. \u201cEs f\u00fchlt sich an, als w\u00fcrde man Kleidung tragen, die nicht f\u00fcr einen bestimmt ist\u201d, h\u00f6rte sie immer wieder. Und dann fiel der Groschen: Es geht nicht nur um Stoffe und Gr\u00f6\u00dfen. Es geht darum, gesehen zu werden. Zugeh\u00f6rigkeit. Sich selbst sein k\u00f6nnen in dem, was man tr\u00e4gt.<\/p>\n<p>Diese Erkenntnis war der Beginn von etwas Neuem. Und so wurde Peakout geboren.<\/div>\n\t\t\t\n\t\t\t\n\t\t<\/div>\n\t\t\n\t\t<\/div><\/div><\/div><\/div><div class=\"vc_row wpb_row vc_row-fluid vc_custom_1752604250966 vc_row-o-content-middle vc_row-flex row-reverse-mobile row-reverse-tablet wd-rs-68769e5164671\"><div class=\"wpb_column vc_column_container vc_col-sm-12 vc_col-lg-6 vc_col-md-6 wd-rs-6125f30edad72\"><div class=\"vc_column-inner vc_custom_1629877010833\"><div class=\"wpb_wrapper\">\n\t\t<div id=\"wd-6878e502efff3\" class=\"title-wrapper wd-wpb wd-set-mb reset-last-child  wd-rs-6878e502efff3 wd-title-color-primary wd-title-style-default text-left vc_custom_1752753472356 wd-underline-colored\">\n\t\t\t\n\t\t\t<div class=\"liner-continer\">\n\t\t\t\t<h4 class=\"woodmart-title-container title  wd-font-weight- wd-fontsize-xxl\" >Peakout wurde aus diesem Mangel heraus geboren.<\/h4>\n\t\t\t\t\t\t\t<\/div>\n\t\t\t\n\t\t\t\t\t\t\t<div class=\"title-after_title reset-last-child  wd-fontsize-s\">Eine Marke f\u00fcr gro\u00dfe Menschen, von einer Frau, die es leid war, sich mit \u2018einfach nicht\u2019 zufrieden zu geben. Die sp\u00fcrte, dass es anders sein musste. Und so tauchte Nadine in die Welt der Passformen, Stoffe, Produktion und Mode ein. Sie lernte, Schnittmuster zu lesen, besuchte Ateliers, testete selbst Stoffe auf ihren Tragekomfort. Alles, was noch nicht da war, fing sie an zu bauen.<\/div>\n\t\t\t\n\t\t\t\n\t\t<\/div>\n\t\t\n\t\t<\/div><\/div><\/div><div class=\"wpb_column vc_column_container vc_col-sm-12 vc_col-lg-offset-1 vc_col-lg-5 vc_col-md-6 vc_col-xs-12 wd-rs-6125f320eb687\"><div class=\"vc_column-inner vc_custom_1629877027060\"><div class=\"wpb_wrapper\">\t\t<div id=\"wd-68ffcb7cc098f\" class=\"wd-image wd-wpb wd-rs-68ffcb7cc098f text-left vc_custom_1761594262518\">\n\t\t\t\n\t\t\t<img loading=\"lazy\" decoding=\"async\" width=\"1200\" height=\"800\" src=\"https:\/\/peakout.shop\/wp-content\/uploads\/2025\/10\/1-1-1200x800.jpg\" class=\"attachment-large size-large\" alt=\"Design von Sportbekleidung f\u00fcr gro\u00dfe Menschen\" srcset=\"https:\/\/peakout.shop\/wp-content\/uploads\/2025\/10\/1-1-1200x800.jpg 1200w, https:\/\/peakout.shop\/wp-content\/uploads\/2025\/10\/1-1-400x267.jpg 400w, https:\/\/peakout.shop\/wp-content\/uploads\/2025\/10\/1-1-768x512.jpg 768w, https:\/\/peakout.shop\/wp-content\/uploads\/2025\/10\/1-1-1536x1024.jpg 1536w, https:\/\/peakout.shop\/wp-content\/uploads\/2025\/10\/1-1-430x287.jpg 430w, https:\/\/peakout.shop\/wp-content\/uploads\/2025\/10\/1-1-700x467.jpg 700w, https:\/\/peakout.shop\/wp-content\/uploads\/2025\/10\/1-1-150x100.jpg 150w, https:\/\/peakout.shop\/wp-content\/uploads\/2025\/10\/1-1.jpg 1620w\" sizes=\"auto, (max-width: 1200px) 100vw, 1200px\" \/>\n\t\t\t\t\t<\/div>\n\t\t<\/div><\/div><\/div><\/div><div class=\"vc_row wpb_row vc_row-fluid vc_custom_1752604250966 vc_row-o-content-middle vc_row-flex row-reverse-mobile row-reverse-tablet wd-rs-68769e5164671\"><div class=\"wpb_column vc_column_container vc_col-sm-12 vc_col-lg-6 vc_col-md-6 wd-rs-6125f30edad72\"><div class=\"vc_column-inner vc_custom_1629877010833\"><div class=\"wpb_wrapper\">\t\t<div id=\"wd-68ffcba7c8421\" class=\"wd-image wd-wpb wd-rs-68ffcba7c8421 text-left vc_custom_1761594511257\">\n\t\t\t\n\t\t\t<img loading=\"lazy\" decoding=\"async\" width=\"1200\" height=\"800\" src=\"https:\/\/peakout.shop\/wp-content\/uploads\/2025\/10\/2-2-1200x800.jpg\" class=\"attachment-large size-large\" alt=\"Langbeinige Sporthosen\" srcset=\"https:\/\/peakout.shop\/wp-content\/uploads\/2025\/10\/2-2-1200x800.jpg 1200w, https:\/\/peakout.shop\/wp-content\/uploads\/2025\/10\/2-2-400x267.jpg 400w, https:\/\/peakout.shop\/wp-content\/uploads\/2025\/10\/2-2-768x512.jpg 768w, https:\/\/peakout.shop\/wp-content\/uploads\/2025\/10\/2-2-1536x1024.jpg 1536w, https:\/\/peakout.shop\/wp-content\/uploads\/2025\/10\/2-2-430x287.jpg 430w, https:\/\/peakout.shop\/wp-content\/uploads\/2025\/10\/2-2-700x467.jpg 700w, https:\/\/peakout.shop\/wp-content\/uploads\/2025\/10\/2-2-150x100.jpg 150w, https:\/\/peakout.shop\/wp-content\/uploads\/2025\/10\/2-2.jpg 1620w\" sizes=\"auto, (max-width: 1200px) 100vw, 1200px\" \/>\n\t\t\t\t\t<\/div>\n\t\t<\/div><\/div><\/div><div class=\"wpb_column vc_column_container vc_col-sm-12 vc_col-lg-offset-1 vc_col-lg-5 vc_col-md-6 vc_col-xs-12 wd-rs-6125f320eb687\"><div class=\"vc_column-inner vc_custom_1629877027060\"><div class=\"wpb_wrapper\">\n\t\t<div id=\"wd-68ffcbd3cd05d\" class=\"title-wrapper wd-wpb wd-set-mb reset-last-child  wd-rs-68ffcbd3cd05d wd-title-color-primary wd-title-style-default text-left vc_custom_1761594354973 wd-underline-colored\">\n\t\t\t\n\t\t\t<div class=\"liner-continer\">\n\t\t\t\t<h4 class=\"woodmart-title-container title  wd-font-weight- wd-fontsize-xxl\" >Keine Kompromisse mehr<\/h4>\n\t\t\t\t\t\t\t<\/div>\n\t\t\t\n\t\t\t\t\t\t\t<div class=\"title-after_title reset-last-child  wd-fontsize-s\">Peakout ist f\u00fcr alle, die es leid sind, hochgekrempelte \u00c4rmel und Hochwasserhosen zu tragen. F\u00fcr alle, die sich nicht mehr an Kleidung anpassen wollen, sondern Kleidung wollen, die Ihnen passt. Keine Standardlinie mit extra Stoff. Peakout ist von Grund auf f\u00fcr l\u00e4ngere K\u00f6rper konzipiert, in Stil, Komfort und Aussehen.<\/p>\n<p>Denn warum sollten Sie sich zwischen Passform oder Aussehen entscheiden m\u00fcssen? Warum sollten Sie sich mit weniger zufrieden geben, wenn Sie es besser k\u00f6nnen?<\/div>\n\t\t\t\n\t\t\t\n\t\t<\/div>\n\t\t\n\t\t<\/div><\/div><\/div><\/div><div class=\"vc_row wpb_row vc_row-fluid vc_custom_1752604250966 vc_row-o-content-middle vc_row-flex row-reverse-mobile row-reverse-tablet wd-rs-68769e5164671\"><div class=\"wpb_column vc_column_container vc_col-sm-12 vc_col-lg-6 vc_col-md-6 wd-rs-6125f30edad72\"><div class=\"vc_column-inner vc_custom_1629877010833\"><div class=\"wpb_wrapper\">\n\t\t<div id=\"wd-68ffccbc1cc15\" class=\"title-wrapper wd-wpb wd-set-mb reset-last-child  wd-rs-68ffccbc1cc15 wd-title-color-primary wd-title-style-default text-left vc_custom_1761594600959 wd-underline-colored\">\n\t\t\t\n\t\t\t<div class=\"liner-continer\">\n\t\t\t\t<h4 class=\"woodmart-title-container title  wd-font-weight- wd-fontsize-xxl\" >Peakout sagt: Sie k\u00f6nnen dabei sein. Ganz und gar.<\/h4>\n\t\t\t\t\t\t\t<\/div>\n\t\t\t\n\t\t\t\t\t\t\t<div class=\"title-after_title reset-last-child  wd-fontsize-s\">Ob Sie sich ins Fitnessstudio st\u00fcrzen, in die Heide gehen oder einfach nur ein bequemes Outfit wollen, in dem Sie sich stark f\u00fchlen - unsere Kleidung ist f\u00fcr Ihre Gr\u00f6\u00dfe, Ihren K\u00f6rper und Ihren Stil gemacht. Wir entwerfen alles mit einem Auge f\u00fcrs Detail und einem Gef\u00fchl daf\u00fcr, was es bedeutet, gro\u00df zu sein.<\/p>\n<p>Was wir hoffen, dass Sie f\u00fchlen, wenn Sie Peakout aufsetzen?<\/p>\n<p>Anerkennung. Stolz. Und vor allem: Frieden. Dass es das erste Mal ist, dass etwas wirklich stimmt. Kein Einklemmen, keine \u00c4nderungen. Nur Kleidung, die sich anf\u00fchlt, als w\u00e4re sie speziell f\u00fcr Sie gemacht worden - weil sie es war.<\/p>\n<p>Peakout ist f\u00fcr diejenigen, die ihre K\u00f6rpergr\u00f6\u00dfe nicht l\u00e4nger verstecken, sondern mit Stolz tragen wollen.<\/div>\n\t\t\t\n\t\t\t\n\t\t<\/div>\n\t\t\n\t\t<\/div><\/div><\/div><div class=\"wpb_column vc_column_container vc_col-sm-12 vc_col-lg-offset-1 vc_col-lg-5 vc_col-md-6 vc_col-xs-12 wd-rs-6125f320eb687\"><div class=\"vc_column-inner vc_custom_1629877027060\"><div class=\"wpb_wrapper\">\t\t<div id=\"wd-68ffcd6315f0c\" class=\"wd-image wd-wpb wd-rs-68ffcd6315f0c text-left vc_custom_1761594743639\">\n\t\t\t\n\t\t\t<img loading=\"lazy\" decoding=\"async\" width=\"1200\" height=\"800\" src=\"https:\/\/peakout.shop\/wp-content\/uploads\/2025\/10\/Peakout-Over-Nadine-1200x800.jpg\" class=\"attachment-large size-large\" alt=\"Peakout-Gr\u00fcnderin Nadine\" srcset=\"https:\/\/peakout.shop\/wp-content\/uploads\/2025\/10\/Peakout-Over-Nadine-1200x800.jpg 1200w, https:\/\/peakout.shop\/wp-content\/uploads\/2025\/10\/Peakout-Over-Nadine-400x267.jpg 400w, https:\/\/peakout.shop\/wp-content\/uploads\/2025\/10\/Peakout-Over-Nadine-768x512.jpg 768w, https:\/\/peakout.shop\/wp-content\/uploads\/2025\/10\/Peakout-Over-Nadine-1536x1024.jpg 1536w, https:\/\/peakout.shop\/wp-content\/uploads\/2025\/10\/Peakout-Over-Nadine-430x287.jpg 430w, https:\/\/peakout.shop\/wp-content\/uploads\/2025\/10\/Peakout-Over-Nadine-700x467.jpg 700w, https:\/\/peakout.shop\/wp-content\/uploads\/2025\/10\/Peakout-Over-Nadine-150x100.jpg 150w, https:\/\/peakout.shop\/wp-content\/uploads\/2025\/10\/Peakout-Over-Nadine.jpg 1620w\" sizes=\"auto, (max-width: 1200px) 100vw, 1200px\" \/>\n\t\t\t\t\t<\/div>\n\t\t<\/div><\/div><\/div><\/div>\n<\/div>","protected":false},"excerpt":{"rendered":"Oprichter van Peakout Het verhaal van Nadine. Als niemand het maakt....dan maak je het zelf. HET ONTSTAAN VAN PEAKOUT Als","protected":false},"author":1,"featured_media":0,"parent":0,"menu_order":0,"comment_status":"closed","ping_status":"closed","template":"","meta":{"footnotes":""},"class_list":["post-10172","page","type-page","status-publish","hentry"],"yoast_head":"<!-- This site is optimized with the Yoast SEO plugin v26.7 - https:\/\/yoast.com\/wordpress\/plugins\/seo\/ -->\n<title>Het verhaal van oprichter Nadine | Peakout<\/title>\n<meta name=\"description\" content=\"Het idee voor Peakout begon niet met een businessplan of een investeerder. Het begon met een frustratie. Te korte, niet passende sportkleding\" \/>\n<meta name=\"robots\" content=\"index, follow, max-snippet:-1, max-image-preview:large, max-video-preview:-1\" \/>\n<link rel=\"canonical\" href=\"https:\/\/peakout.shop\/de\/die-geschichte-von-nadine\/\" \/>\n<meta property=\"og:locale\" content=\"de_DE\" \/>\n<meta property=\"og:type\" content=\"article\" \/>\n<meta property=\"og:title\" content=\"Het verhaal van oprichter Nadine | Peakout\" \/>\n<meta property=\"og:description\" content=\"Het idee voor Peakout begon niet met een businessplan of een investeerder. Het begon met een frustratie. Te korte, niet passende sportkleding\" \/>\n<meta property=\"og:url\" content=\"https:\/\/peakout.shop\/de\/die-geschichte-von-nadine\/\" \/>\n<meta property=\"og:site_name\" content=\"Peakout\" \/>\n<meta property=\"article:publisher\" content=\"https:\/\/www.facebook.com\/peakoutshop\" \/>\n<meta property=\"article:modified_time\" content=\"2025-10-29T14:51:52+00:00\" \/>\n<meta name=\"twitter:card\" content=\"summary_large_image\" \/>\n<meta name=\"twitter:label1\" content=\"Gesch\u00e4tzte Lesezeit\" \/>\n\t<meta name=\"twitter:data1\" content=\"5\u00a0Minuten\" \/>\n<script type=\"application\/ld+json\" class=\"yoast-schema-graph\">{\"@context\":\"https:\/\/schema.org\",\"@graph\":[{\"@type\":\"WebPage\",\"@id\":\"https:\/\/peakout.shop\/het-verhaal-van-nadine\/\",\"url\":\"https:\/\/peakout.shop\/het-verhaal-van-nadine\/\",\"name\":\"Het verhaal van oprichter Nadine | Peakout\",\"isPartOf\":{\"@id\":\"https:\/\/peakout.shop\/#website\"},\"datePublished\":\"2025-07-15T18:20:51+00:00\",\"dateModified\":\"2025-10-29T14:51:52+00:00\",\"description\":\"Het idee voor Peakout begon niet met een businessplan of een investeerder. Het begon met een frustratie. Te korte, niet passende sportkleding\",\"breadcrumb\":{\"@id\":\"https:\/\/peakout.shop\/het-verhaal-van-nadine\/#breadcrumb\"},\"inLanguage\":\"de\",\"potentialAction\":[{\"@type\":\"ReadAction\",\"target\":[\"https:\/\/peakout.shop\/het-verhaal-van-nadine\/\"]}]},{\"@type\":\"BreadcrumbList\",\"@id\":\"https:\/\/peakout.shop\/het-verhaal-van-nadine\/#breadcrumb\",\"itemListElement\":[{\"@type\":\"ListItem\",\"position\":1,\"name\":\"Home\",\"item\":\"https:\/\/peakout.shop\/\"},{\"@type\":\"ListItem\",\"position\":2,\"name\":\"Het verhaal van Nadine\"}]},{\"@type\":\"WebSite\",\"@id\":\"https:\/\/peakout.shop\/#website\",\"url\":\"https:\/\/peakout.shop\/\",\"name\":\"Peakout\",\"description\":\"\",\"publisher\":{\"@id\":\"https:\/\/peakout.shop\/#organization\"},\"potentialAction\":[{\"@type\":\"SearchAction\",\"target\":{\"@type\":\"EntryPoint\",\"urlTemplate\":\"https:\/\/peakout.shop\/?s={search_term_string}\"},\"query-input\":{\"@type\":\"PropertyValueSpecification\",\"valueRequired\":true,\"valueName\":\"search_term_string\"}}],\"inLanguage\":\"de\"},{\"@type\":\"Organization\",\"@id\":\"https:\/\/peakout.shop\/#organization\",\"name\":\"Peakout\",\"url\":\"https:\/\/peakout.shop\/\",\"logo\":{\"@type\":\"ImageObject\",\"inLanguage\":\"de\",\"@id\":\"https:\/\/peakout.shop\/#\/schema\/logo\/image\/\",\"url\":\"https:\/\/peakout.shop\/wp-content\/uploads\/2025\/07\/logo.svg\",\"contentUrl\":\"https:\/\/peakout.shop\/wp-content\/uploads\/2025\/07\/logo.svg\",\"width\":900,\"height\":749,\"caption\":\"Peakout\"},\"image\":{\"@id\":\"https:\/\/peakout.shop\/#\/schema\/logo\/image\/\"},\"sameAs\":[\"https:\/\/www.facebook.com\/peakoutshop\",\"https:\/\/www.instagram.com\/challenge\/?next=httpswww.instagram.compeakout.shop__coig_challenged1\",\"https:\/\/www.tiktok.com\/@peakoutshop\"]}]}<\/script>\n<!-- \/ Yoast SEO plugin. -->","yoast_head_json":{"title":"Die Geschichte der Gr\u00fcnderin Nadine | Peakout","description":"Die Idee f\u00fcr Peakout begann nicht mit einem Gesch\u00e4ftsplan oder einem Investor. Es begann mit einer Frustration. Zu kurze, schlecht sitzende Sportkleidung","robots":{"index":"index","follow":"follow","max-snippet":"max-snippet:-1","max-image-preview":"max-image-preview:large","max-video-preview":"max-video-preview:-1"},"canonical":"https:\/\/peakout.shop\/de\/die-geschichte-von-nadine\/","og_locale":"de_DE","og_type":"article","og_title":"Het verhaal van oprichter Nadine | Peakout","og_description":"Het idee voor Peakout begon niet met een businessplan of een investeerder. Het begon met een frustratie. Te korte, niet passende sportkleding","og_url":"https:\/\/peakout.shop\/de\/die-geschichte-von-nadine\/","og_site_name":"Peakout","article_publisher":"https:\/\/www.facebook.com\/peakoutshop","article_modified_time":"2025-10-29T14:51:52+00:00","twitter_card":"summary_large_image","twitter_misc":{"Gesch\u00e4tzte Lesezeit":"5\u00a0Minuten"},"schema":{"@context":"https:\/\/schema.org","@graph":[{"@type":"WebPage","@id":"https:\/\/peakout.shop\/het-verhaal-van-nadine\/","url":"https:\/\/peakout.shop\/het-verhaal-van-nadine\/","name":"Die Geschichte der Gr\u00fcnderin Nadine | Peakout","isPartOf":{"@id":"https:\/\/peakout.shop\/#website"},"datePublished":"2025-07-15T18:20:51+00:00","dateModified":"2025-10-29T14:51:52+00:00","description":"Die Idee f\u00fcr Peakout begann nicht mit einem Gesch\u00e4ftsplan oder einem Investor. Es begann mit einer Frustration. Zu kurze, schlecht sitzende Sportkleidung","breadcrumb":{"@id":"https:\/\/peakout.shop\/het-verhaal-van-nadine\/#breadcrumb"},"inLanguage":"de","potentialAction":[{"@type":"ReadAction","target":["https:\/\/peakout.shop\/het-verhaal-van-nadine\/"]}]},{"@type":"BreadcrumbList","@id":"https:\/\/peakout.shop\/het-verhaal-van-nadine\/#breadcrumb","itemListElement":[{"@type":"ListItem","position":1,"name":"Home","item":"https:\/\/peakout.shop\/"},{"@type":"ListItem","position":2,"name":"Het verhaal van Nadine"}]},{"@type":"WebSite","@id":"https:\/\/peakout.shop\/#website","url":"https:\/\/peakout.shop\/","name":"Peakout","description":"","publisher":{"@id":"https:\/\/peakout.shop\/#organization"},"potentialAction":[{"@type":"SearchAction","target":{"@type":"EntryPoint","urlTemplate":"https:\/\/peakout.shop\/?s={search_term_string}"},"query-input":{"@type":"PropertyValueSpecification","valueRequired":true,"valueName":"search_term_string"}}],"inLanguage":"de"},{"@type":"Organization","@id":"https:\/\/peakout.shop\/#organization","name":"Peakout","url":"https:\/\/peakout.shop\/","logo":{"@type":"ImageObject","inLanguage":"de","@id":"https:\/\/peakout.shop\/#\/schema\/logo\/image\/","url":"https:\/\/peakout.shop\/wp-content\/uploads\/2025\/07\/logo.svg","contentUrl":"https:\/\/peakout.shop\/wp-content\/uploads\/2025\/07\/logo.svg","width":900,"height":749,"caption":"Peakout"},"image":{"@id":"https:\/\/peakout.shop\/#\/schema\/logo\/image\/"},"sameAs":["https:\/\/www.facebook.com\/peakoutshop","https:\/\/www.instagram.com\/challenge\/?next=httpswww.instagram.compeakout.shop__coig_challenged1","https:\/\/www.tiktok.com\/@peakoutshop"]}]}},"_links":{"self":[{"href":"https:\/\/peakout.shop\/de\/wp-json\/wp\/v2\/pages\/10172","targetHints":{"allow":["GET"]}}],"collection":[{"href":"https:\/\/peakout.shop\/de\/wp-json\/wp\/v2\/pages"}],"about":[{"href":"https:\/\/peakout.shop\/de\/wp-json\/wp\/v2\/types\/page"}],"author":[{"embeddable":true,"href":"https:\/\/peakout.shop\/de\/wp-json\/wp\/v2\/users\/1"}],"replies":[{"embeddable":true,"href":"https:\/\/peakout.shop\/de\/wp-json\/wp\/v2\/comments?post=10172"}],"version-history":[{"count":44,"href":"https:\/\/peakout.shop\/de\/wp-json\/wp\/v2\/pages\/10172\/revisions"}],"predecessor-version":[{"id":10827,"href":"https:\/\/peakout.shop\/de\/wp-json\/wp\/v2\/pages\/10172\/revisions\/10827"}],"wp:attachment":[{"href":"https:\/\/peakout.shop\/de\/wp-json\/wp\/v2\/media?parent=10172"}],"curies":[{"name":"wp","href":"https:\/\/api.w.org\/{rel}","templated":true}]}}